{"id":81,"date":"2023-12-19T10:32:00","date_gmt":"2023-12-19T10:32:00","guid":{"rendered":"https:\/\/save-our-nature-now.org\/?page_id=81"},"modified":"2024-01-10T16:41:16","modified_gmt":"2024-01-10T16:41:16","slug":"auszeichnungen","status":"publish","type":"page","link":"https:\/\/save-our-nature-now.org\/en\/auszeichnungen\/","title":{"rendered":"Auszeichnungen"},"content":{"rendered":"<div data-elementor-type=\"wp-page\" data-elementor-id=\"81\" class=\"elementor elementor-81\">\n\t\t\t\t<div class=\"elementor-element elementor-element-54a2cd44 e-con-full e-flex e-con e-parent\" data-id=\"54a2cd44\" data-element_type=\"container\" data-e-type=\"container\" data-settings=\"{&quot;background_background&quot;:&quot;classic&quot;}\">\n\t\t<div class=\"elementor-element elementor-element-24a0a39 e-con-full e-flex e-con e-child\" data-id=\"24a0a39\" data-element_type=\"container\" data-e-type=\"container\">\n\t\t\t\t<div class=\"elementor-element elementor-element-75b28f52 elementor-widget elementor-widget-heading\" data-id=\"75b28f52\" data-element_type=\"widget\" data-e-type=\"widget\" data-widget_type=\"heading.default\">\n\t\t\t\t<div class=\"elementor-widget-container\">\n\t\t\t\t\t<h1 class=\"elementor-heading-title elementor-size-default\">Award 2023.<\/h1>\t\t\t\t<\/div>\n\t\t\t\t<\/div>\n\t\t\t\t<div class=\"elementor-element elementor-element-598fc622 elementor-widget elementor-widget-text-editor\" data-id=\"598fc622\" data-element_type=\"widget\" data-e-type=\"widget\" data-widget_type=\"text-editor.default\">\n\t\t\t\t<div class=\"elementor-widget-container\">\n\t\t\t\t\t\t\t\t\t<p>S.O.N.N. was recognized by the city of Guarapri with a federal award for nature conservation measures. An award for all those who participate in S.O.N.N. and help, on a large and small scale. Incentive for another busy year 2024 and all supporting hands.<\/p>\t\t\t\t\t\t\t\t<\/div>\n\t\t\t\t<\/div>\n\t\t\t\t<\/div>\n\t\t<div class=\"elementor-element elementor-element-11ebad19 e-con-full e-flex e-con e-child\" data-id=\"11ebad19\" data-element_type=\"container\" data-e-type=\"container\">\n\t\t\t\t<div class=\"elementor-element elementor-element-438676b6 elementor-widget elementor-widget-image\" data-id=\"438676b6\" data-element_type=\"widget\" data-e-type=\"widget\" data-widget_type=\"image.default\">\n\t\t\t\t<div class=\"elementor-widget-container\">\n\t\t\t\t\t\t\t\t\t\t\t\t\t\t\t<img fetchpriority=\"high\" decoding=\"async\" width=\"978\" height=\"765\" src=\"https:\/\/save-our-nature-now.org\/wp-content\/uploads\/2023\/12\/Screenshot-2023-12-27-114020.png\" class=\"attachment-large size-large wp-image-534\" alt=\"\" srcset=\"https:\/\/save-our-nature-now.org\/wp-content\/uploads\/2023\/12\/Screenshot-2023-12-27-114020.png 978w, https:\/\/save-our-nature-now.org\/wp-content\/uploads\/2023\/12\/Screenshot-2023-12-27-114020-300x235.png 300w, https:\/\/save-our-nature-now.org\/wp-content\/uploads\/2023\/12\/Screenshot-2023-12-27-114020-768x601.png 768w\" sizes=\"(max-width: 978px) 100vw, 978px\" \/>\t\t\t\t\t\t\t\t\t\t\t\t\t\t\t<\/div>\n\t\t\t\t<\/div>\n\t\t\t\t<\/div>\n\t\t\t\t<\/div>\n\t\t<div class=\"elementor-element elementor-element-81713c4 e-flex e-con-boxed e-con e-parent\" data-id=\"81713c4\" data-element_type=\"container\" data-e-type=\"container\">\n\t\t\t\t\t<div class=\"e-con-inner\">\n\t\t\t\t<div class=\"elementor-element elementor-element-0755d48 elementor-widget elementor-widget-spacer\" data-id=\"0755d48\" data-element_type=\"widget\" data-e-type=\"widget\" data-widget_type=\"spacer.default\">\n\t\t\t\t<div class=\"elementor-widget-container\">\n\t\t\t\t\t\t\t<div class=\"elementor-spacer\">\n\t\t\t<div class=\"elementor-spacer-inner\"><\/div>\n\t\t<\/div>\n\t\t\t\t\t\t<\/div>\n\t\t\t\t<\/div>\n\t\t\t\t\t<\/div>\n\t\t\t\t<\/div>\n\t\t<div class=\"elementor-element elementor-element-4abd4d83 e-flex e-con-boxed e-con e-parent\" data-id=\"4abd4d83\" data-element_type=\"container\" data-e-type=\"container\">\n\t\t\t\t\t<div class=\"e-con-inner\">\n\t\t<div class=\"elementor-element elementor-element-1d3ab6aa e-con-full e-flex e-con e-child\" data-id=\"1d3ab6aa\" data-element_type=\"container\" data-e-type=\"container\">\n\t\t<div class=\"elementor-element elementor-element-a56f03a e-con-full e-flex e-con e-child\" data-id=\"a56f03a\" data-element_type=\"container\" data-e-type=\"container\">\n\t\t\t\t<div class=\"elementor-element elementor-element-63436246 elementor-widget elementor-widget-image\" data-id=\"63436246\" data-element_type=\"widget\" data-e-type=\"widget\" data-widget_type=\"image.default\">\n\t\t\t\t<div class=\"elementor-widget-container\">\n\t\t\t\t\t\t\t\t\t\t\t\t\t\t\t<img decoding=\"async\" width=\"768\" height=\"1024\" src=\"https:\/\/save-our-nature-now.org\/wp-content\/uploads\/2024\/01\/WhatsApp-Image-2024-01-08-at-15.16.24-768x1024.jpeg\" class=\"attachment-large size-large wp-image-618\" alt=\"\" srcset=\"https:\/\/save-our-nature-now.org\/wp-content\/uploads\/2024\/01\/WhatsApp-Image-2024-01-08-at-15.16.24-768x1024.jpeg 768w, https:\/\/save-our-nature-now.org\/wp-content\/uploads\/2024\/01\/WhatsApp-Image-2024-01-08-at-15.16.24-225x300.jpeg 225w, https:\/\/save-our-nature-now.org\/wp-content\/uploads\/2024\/01\/WhatsApp-Image-2024-01-08-at-15.16.24-1152x1536.jpeg 1152w, https:\/\/save-our-nature-now.org\/wp-content\/uploads\/2024\/01\/WhatsApp-Image-2024-01-08-at-15.16.24-9x12.jpeg 9w, https:\/\/save-our-nature-now.org\/wp-content\/uploads\/2024\/01\/WhatsApp-Image-2024-01-08-at-15.16.24.jpeg 1200w\" sizes=\"(max-width: 768px) 100vw, 768px\" \/>\t\t\t\t\t\t\t\t\t\t\t\t\t\t\t<\/div>\n\t\t\t\t<\/div>\n\t\t\t\t<div class=\"elementor-element elementor-element-3e395beb elementor-widget elementor-widget-image\" data-id=\"3e395beb\" data-element_type=\"widget\" data-e-type=\"widget\" data-widget_type=\"image.default\">\n\t\t\t\t<div class=\"elementor-widget-container\">\n\t\t\t\t\t\t\t\t\t\t\t\t\t\t\t<img decoding=\"async\" width=\"766\" height=\"1024\" src=\"https:\/\/save-our-nature-now.org\/wp-content\/uploads\/2024\/01\/WhatsApp-Image-2024-01-08-at-15.20.32-766x1024.jpeg\" class=\"attachment-large size-large wp-image-620\" alt=\"\" srcset=\"https:\/\/save-our-nature-now.org\/wp-content\/uploads\/2024\/01\/WhatsApp-Image-2024-01-08-at-15.20.32-766x1024.jpeg 766w, https:\/\/save-our-nature-now.org\/wp-content\/uploads\/2024\/01\/WhatsApp-Image-2024-01-08-at-15.20.32-224x300.jpeg 224w, https:\/\/save-our-nature-now.org\/wp-content\/uploads\/2024\/01\/WhatsApp-Image-2024-01-08-at-15.20.32-768x1027.jpeg 768w, https:\/\/save-our-nature-now.org\/wp-content\/uploads\/2024\/01\/WhatsApp-Image-2024-01-08-at-15.20.32-1149x1536.jpeg 1149w, https:\/\/save-our-nature-now.org\/wp-content\/uploads\/2024\/01\/WhatsApp-Image-2024-01-08-at-15.20.32-9x12.jpeg 9w, https:\/\/save-our-nature-now.org\/wp-content\/uploads\/2024\/01\/WhatsApp-Image-2024-01-08-at-15.20.32.jpeg 1197w\" sizes=\"(max-width: 766px) 100vw, 766px\" \/>\t\t\t\t\t\t\t\t\t\t\t\t\t\t\t<\/div>\n\t\t\t\t<\/div>\n\t\t\t\t<\/div>\n\t\t<div class=\"elementor-element elementor-element-5db4960d e-con-full e-flex e-con e-child\" data-id=\"5db4960d\" data-element_type=\"container\" data-e-type=\"container\">\n\t\t\t\t<div class=\"elementor-element elementor-element-2acfc9db elementor-widget elementor-widget-image\" data-id=\"2acfc9db\" data-element_type=\"widget\" data-e-type=\"widget\" data-widget_type=\"image.default\">\n\t\t\t\t<div class=\"elementor-widget-container\">\n\t\t\t\t\t\t\t\t\t\t\t\t\t\t\t<img loading=\"lazy\" decoding=\"async\" width=\"768\" height=\"1024\" src=\"https:\/\/save-our-nature-now.org\/wp-content\/uploads\/2024\/01\/WhatsApp-Image-2024-01-08-at-14.37.00-768x1024.jpeg\" class=\"attachment-large size-large wp-image-621\" alt=\"\" srcset=\"https:\/\/save-our-nature-now.org\/wp-content\/uploads\/2024\/01\/WhatsApp-Image-2024-01-08-at-14.37.00-768x1024.jpeg 768w, https:\/\/save-our-nature-now.org\/wp-content\/uploads\/2024\/01\/WhatsApp-Image-2024-01-08-at-14.37.00-225x300.jpeg 225w, https:\/\/save-our-nature-now.org\/wp-content\/uploads\/2024\/01\/WhatsApp-Image-2024-01-08-at-14.37.00-1152x1536.jpeg 1152w, https:\/\/save-our-nature-now.org\/wp-content\/uploads\/2024\/01\/WhatsApp-Image-2024-01-08-at-14.37.00-9x12.jpeg 9w, https:\/\/save-our-nature-now.org\/wp-content\/uploads\/2024\/01\/WhatsApp-Image-2024-01-08-at-14.37.00.jpeg 1200w\" sizes=\"(max-width: 768px) 100vw, 768px\" \/>\t\t\t\t\t\t\t\t\t\t\t\t\t\t\t<\/div>\n\t\t\t\t<\/div>\n\t\t\t\t<div class=\"elementor-element elementor-element-96dbabc elementor-widget elementor-widget-image\" data-id=\"96dbabc\" data-element_type=\"widget\" data-e-type=\"widget\" data-widget_type=\"image.default\">\n\t\t\t\t<div class=\"elementor-widget-container\">\n\t\t\t\t\t\t\t\t\t\t\t\t\t\t\t<img loading=\"lazy\" decoding=\"async\" width=\"584\" height=\"1024\" src=\"https:\/\/save-our-nature-now.org\/wp-content\/uploads\/2024\/01\/WhatsApp-Image-2024-01-08-at-14.42.57-584x1024.jpeg\" class=\"attachment-large size-large wp-image-619\" alt=\"\" srcset=\"https:\/\/save-our-nature-now.org\/wp-content\/uploads\/2024\/01\/WhatsApp-Image-2024-01-08-at-14.42.57-584x1024.jpeg 584w, https:\/\/save-our-nature-now.org\/wp-content\/uploads\/2024\/01\/WhatsApp-Image-2024-01-08-at-14.42.57-171x300.jpeg 171w, https:\/\/save-our-nature-now.org\/wp-content\/uploads\/2024\/01\/WhatsApp-Image-2024-01-08-at-14.42.57-768x1346.jpeg 768w, https:\/\/save-our-nature-now.org\/wp-content\/uploads\/2024\/01\/WhatsApp-Image-2024-01-08-at-14.42.57-7x12.jpeg 7w, https:\/\/save-our-nature-now.org\/wp-content\/uploads\/2024\/01\/WhatsApp-Image-2024-01-08-at-14.42.57.jpeg 829w\" sizes=\"(max-width: 584px) 100vw, 584px\" \/>\t\t\t\t\t\t\t\t\t\t\t\t\t\t\t<\/div>\n\t\t\t\t<\/div>\n\t\t\t\t<\/div>\n\t\t\t\t<\/div>\n\t\t<div class=\"elementor-element elementor-element-15352e2b e-con-full e-flex e-con e-child\" data-id=\"15352e2b\" data-element_type=\"container\" data-e-type=\"container\">\n\t\t\t\t<div class=\"elementor-element elementor-element-789bef81 elementor-widget elementor-widget-heading\" data-id=\"789bef81\" data-element_type=\"widget\" data-e-type=\"widget\" data-widget_type=\"heading.default\">\n\t\t\t\t<div class=\"elementor-widget-container\">\n\t\t\t\t\t<h3 class=\"elementor-heading-title elementor-size-default\">Andree Korthals Conservationist.<\/h3>\t\t\t\t<\/div>\n\t\t\t\t<\/div>\n\t\t\t\t<div class=\"elementor-element elementor-element-c47fa8a elementor-widget elementor-widget-text-editor\" data-id=\"c47fa8a\" data-element_type=\"widget\" data-e-type=\"widget\" data-widget_type=\"text-editor.default\">\n\t\t\t\t<div class=\"elementor-widget-container\">\n\t\t\t\t\t\t\t\t\t<p>On 07.07.2022, our co-founder and environmentalist Andree Korthals, who has lived in Brazil for more than 30 years, was honored by the city of Guarapari for his conservation work in the Amazon.\u00a0<\/p>\t\t\t\t\t\t\t\t<\/div>\n\t\t\t\t<\/div>\n\t\t\t\t<\/div>\n\t\t\t\t\t<\/div>\n\t\t\t\t<\/div>\n\t\t\t\t<\/div>","protected":false},"excerpt":{"rendered":"<p>Auszeichnung 2023. S.O.N.N. wurde von der Stadt Guarapri mit bundesstaatlicher Wirkung f\u00fcr Naturschutzma\u00dfnahmen ausgezeichnet. Eine Auszeichnung f\u00fcr alle die an S.O.N.N. teilnehmen und helfen, im Gro\u00dfen wie im Kleinen. Ansporn f\u00fcr ein weiteres arbeitsreiches Jahr 2024 und alle unterst\u00fctzenden H\u00e4nde. Andree Korthals &#8211; Natursch\u00fctzer. Am 07.07.2022 wurde unser Mitgr\u00fcnder und Umweltsch\u00fctzer Andree Korthals, der seit&hellip;&nbsp;<\/p>","protected":false},"author":1,"featured_media":0,"parent":0,"menu_order":0,"comment_status":"closed","ping_status":"closed","template":"page-templates\/template-pagebuilder-full-width.php","meta":{"neve_meta_sidebar":"","neve_meta_container":"","neve_meta_enable_content_width":"","neve_meta_content_width":0,"neve_meta_title_alignment":"","neve_meta_author_avatar":"","neve_post_elements_order":"","neve_meta_disable_header":"","neve_meta_disable_footer":"","neve_meta_disable_title":"","footnotes":""},"class_list":["post-81","page","type-page","status-publish","hentry"],"yoast_head":"<!-- This site is optimized with the Yoast SEO plugin v27.5 - https:\/\/yoast.com\/product\/yoast-seo-wordpress\/ -->\n<title>Auszeichnungen S.O.N.N. | Save our nature now.<\/title>\n<meta name=\"description\" content=\"S.O.N.N. - Save our nature now. Auszeichnungen f\u00fcr den Regenwaldschutz. Amazonas-Regenwald sch\u00fctzen. 2.528 m\u00b2 f\u00fcr 800 \u20ac kaufen.\" \/>\n<meta name=\"robots\" content=\"index, follow, max-snippet:-1, max-image-preview:large, max-video-preview:-1\" \/>\n<link rel=\"canonical\" href=\"https:\/\/save-our-nature-now.org\/en\/auszeichnungen\/\" \/>\n<meta property=\"og:locale\" content=\"en_US\" \/>\n<meta property=\"og:type\" content=\"article\" \/>\n<meta property=\"og:title\" content=\"Auszeichnungen S.O.N.N. | Save our nature now.\" \/>\n<meta property=\"og:description\" content=\"S.O.N.N. - Save our nature now. Auszeichnungen f\u00fcr den Regenwaldschutz. Amazonas-Regenwald sch\u00fctzen. 2.528 m\u00b2 f\u00fcr 800 \u20ac kaufen.\" \/>\n<meta property=\"og:url\" content=\"https:\/\/save-our-nature-now.org\/en\/auszeichnungen\/\" \/>\n<meta property=\"og:site_name\" content=\"S.O.N.N.\" \/>\n<meta property=\"article:modified_time\" content=\"2024-01-10T16:41:16+00:00\" \/>\n<meta property=\"og:image\" content=\"https:\/\/save-our-nature-now.org\/wp-content\/uploads\/2023\/12\/Screenshot-2023-12-27-114020.png\" \/>\n<meta name=\"twitter:card\" content=\"summary_large_image\" \/>\n<meta name=\"twitter:label1\" content=\"Est. reading time\" \/>\n\t<meta name=\"twitter:data1\" content=\"2 minutes\" \/>\n<script type=\"application\/ld+json\" class=\"yoast-schema-graph\">{\"@context\":\"https:\\\/\\\/schema.org\",\"@graph\":[{\"@type\":\"WebPage\",\"@id\":\"https:\\\/\\\/save-our-nature-now.org\\\/auszeichnungen\\\/\",\"url\":\"https:\\\/\\\/save-our-nature-now.org\\\/auszeichnungen\\\/\",\"name\":\"Auszeichnungen S.O.N.N. | Save our nature now.\",\"isPartOf\":{\"@id\":\"https:\\\/\\\/save-our-nature-now.org\\\/#website\"},\"primaryImageOfPage\":{\"@id\":\"https:\\\/\\\/save-our-nature-now.org\\\/auszeichnungen\\\/#primaryimage\"},\"image\":{\"@id\":\"https:\\\/\\\/save-our-nature-now.org\\\/auszeichnungen\\\/#primaryimage\"},\"thumbnailUrl\":\"https:\\\/\\\/save-our-nature-now.org\\\/wp-content\\\/uploads\\\/2023\\\/12\\\/Screenshot-2023-12-27-114020.png\",\"datePublished\":\"2023-12-19T10:32:00+00:00\",\"dateModified\":\"2024-01-10T16:41:16+00:00\",\"description\":\"S.O.N.N. - Save our nature now. Auszeichnungen f\u00fcr den Regenwaldschutz. Amazonas-Regenwald sch\u00fctzen. 2.528 m\u00b2 f\u00fcr 800 \u20ac kaufen.\",\"breadcrumb\":{\"@id\":\"https:\\\/\\\/save-our-nature-now.org\\\/auszeichnungen\\\/#breadcrumb\"},\"inLanguage\":\"en-US\",\"potentialAction\":[{\"@type\":\"ReadAction\",\"target\":[\"https:\\\/\\\/save-our-nature-now.org\\\/auszeichnungen\\\/\"]}]},{\"@type\":\"ImageObject\",\"inLanguage\":\"en-US\",\"@id\":\"https:\\\/\\\/save-our-nature-now.org\\\/auszeichnungen\\\/#primaryimage\",\"url\":\"https:\\\/\\\/save-our-nature-now.org\\\/wp-content\\\/uploads\\\/2023\\\/12\\\/Screenshot-2023-12-27-114020.png\",\"contentUrl\":\"https:\\\/\\\/save-our-nature-now.org\\\/wp-content\\\/uploads\\\/2023\\\/12\\\/Screenshot-2023-12-27-114020.png\"},{\"@type\":\"BreadcrumbList\",\"@id\":\"https:\\\/\\\/save-our-nature-now.org\\\/auszeichnungen\\\/#breadcrumb\",\"itemListElement\":[{\"@type\":\"ListItem\",\"position\":1,\"name\":\"Startseite\",\"item\":\"https:\\\/\\\/save-our-nature-now.org\\\/\"},{\"@type\":\"ListItem\",\"position\":2,\"name\":\"Auszeichnungen\"}]},{\"@type\":\"WebSite\",\"@id\":\"https:\\\/\\\/save-our-nature-now.org\\\/#website\",\"url\":\"https:\\\/\\\/save-our-nature-now.org\\\/\",\"name\":\"S.O.N.N.\",\"description\":\"Save our Nature now.\",\"potentialAction\":[{\"@type\":\"SearchAction\",\"target\":{\"@type\":\"EntryPoint\",\"urlTemplate\":\"https:\\\/\\\/save-our-nature-now.org\\\/?s={search_term_string}\"},\"query-input\":{\"@type\":\"PropertyValueSpecification\",\"valueRequired\":true,\"valueName\":\"search_term_string\"}}],\"inLanguage\":\"en-US\"}]}<\/script>\n<!-- \/ Yoast SEO plugin. -->","yoast_head_json":{"title":"Auszeichnungen S.O.N.N. | Save our nature now.","description":"S.O.N.N. - Save our nature now. Auszeichnungen f\u00fcr den Regenwaldschutz. Amazonas-Regenwald sch\u00fctzen. 2.528 m\u00b2 f\u00fcr 800 \u20ac kaufen.","robots":{"index":"index","follow":"follow","max-snippet":"max-snippet:-1","max-image-preview":"max-image-preview:large","max-video-preview":"max-video-preview:-1"},"canonical":"https:\/\/save-our-nature-now.org\/en\/auszeichnungen\/","og_locale":"en_US","og_type":"article","og_title":"Auszeichnungen S.O.N.N. | Save our nature now.","og_description":"S.O.N.N. - Save our nature now. Auszeichnungen f\u00fcr den Regenwaldschutz. Amazonas-Regenwald sch\u00fctzen. 2.528 m\u00b2 f\u00fcr 800 \u20ac kaufen.","og_url":"https:\/\/save-our-nature-now.org\/en\/auszeichnungen\/","og_site_name":"S.O.N.N.","article_modified_time":"2024-01-10T16:41:16+00:00","og_image":[{"url":"https:\/\/save-our-nature-now.org\/wp-content\/uploads\/2023\/12\/Screenshot-2023-12-27-114020.png","type":"","width":"","height":""}],"twitter_card":"summary_large_image","twitter_misc":{"Est. reading time":"2 minutes"},"schema":{"@context":"https:\/\/schema.org","@graph":[{"@type":"WebPage","@id":"https:\/\/save-our-nature-now.org\/auszeichnungen\/","url":"https:\/\/save-our-nature-now.org\/auszeichnungen\/","name":"Auszeichnungen S.O.N.N. | Save our nature now.","isPartOf":{"@id":"https:\/\/save-our-nature-now.org\/#website"},"primaryImageOfPage":{"@id":"https:\/\/save-our-nature-now.org\/auszeichnungen\/#primaryimage"},"image":{"@id":"https:\/\/save-our-nature-now.org\/auszeichnungen\/#primaryimage"},"thumbnailUrl":"https:\/\/save-our-nature-now.org\/wp-content\/uploads\/2023\/12\/Screenshot-2023-12-27-114020.png","datePublished":"2023-12-19T10:32:00+00:00","dateModified":"2024-01-10T16:41:16+00:00","description":"S.O.N.N. - Save our nature now. Auszeichnungen f\u00fcr den Regenwaldschutz. Amazonas-Regenwald sch\u00fctzen. 2.528 m\u00b2 f\u00fcr 800 \u20ac kaufen.","breadcrumb":{"@id":"https:\/\/save-our-nature-now.org\/auszeichnungen\/#breadcrumb"},"inLanguage":"en-US","potentialAction":[{"@type":"ReadAction","target":["https:\/\/save-our-nature-now.org\/auszeichnungen\/"]}]},{"@type":"ImageObject","inLanguage":"en-US","@id":"https:\/\/save-our-nature-now.org\/auszeichnungen\/#primaryimage","url":"https:\/\/save-our-nature-now.org\/wp-content\/uploads\/2023\/12\/Screenshot-2023-12-27-114020.png","contentUrl":"https:\/\/save-our-nature-now.org\/wp-content\/uploads\/2023\/12\/Screenshot-2023-12-27-114020.png"},{"@type":"BreadcrumbList","@id":"https:\/\/save-our-nature-now.org\/auszeichnungen\/#breadcrumb","itemListElement":[{"@type":"ListItem","position":1,"name":"Startseite","item":"https:\/\/save-our-nature-now.org\/"},{"@type":"ListItem","position":2,"name":"Auszeichnungen"}]},{"@type":"WebSite","@id":"https:\/\/save-our-nature-now.org\/#website","url":"https:\/\/save-our-nature-now.org\/","name":"S.O.N.N.","description":"Save our Nature now.","potentialAction":[{"@type":"SearchAction","target":{"@type":"EntryPoint","urlTemplate":"https:\/\/save-our-nature-now.org\/?s={search_term_string}"},"query-input":{"@type":"PropertyValueSpecification","valueRequired":true,"valueName":"search_term_string"}}],"inLanguage":"en-US"}]}},"_links":{"self":[{"href":"https:\/\/save-our-nature-now.org\/en\/wp-json\/wp\/v2\/pages\/81","targetHints":{"allow":["GET"]}}],"collection":[{"href":"https:\/\/save-our-nature-now.org\/en\/wp-json\/wp\/v2\/pages"}],"about":[{"href":"https:\/\/save-our-nature-now.org\/en\/wp-json\/wp\/v2\/types\/page"}],"author":[{"embeddable":true,"href":"https:\/\/save-our-nature-now.org\/en\/wp-json\/wp\/v2\/users\/1"}],"replies":[{"embeddable":true,"href":"https:\/\/save-our-nature-now.org\/en\/wp-json\/wp\/v2\/comments?post=81"}],"version-history":[{"count":43,"href":"https:\/\/save-our-nature-now.org\/en\/wp-json\/wp\/v2\/pages\/81\/revisions"}],"predecessor-version":[{"id":649,"href":"https:\/\/save-our-nature-now.org\/en\/wp-json\/wp\/v2\/pages\/81\/revisions\/649"}],"wp:attachment":[{"href":"https:\/\/save-our-nature-now.org\/en\/wp-json\/wp\/v2\/media?parent=81"}],"curies":[{"name":"wp","href":"https:\/\/api.w.org\/{rel}","templated":true}]}}