{"id":58,"date":"2023-12-19T08:53:30","date_gmt":"2023-12-19T08:53:30","guid":{"rendered":"https:\/\/save-our-nature-now.org\/?page_id=58"},"modified":"2023-12-29T20:11:17","modified_gmt":"2023-12-29T20:11:17","slug":"kontakt","status":"publish","type":"page","link":"https:\/\/save-our-nature-now.org\/en\/kontakt\/","title":{"rendered":"Kontakt"},"content":{"rendered":"\t\t<div data-elementor-type=\"wp-page\" data-elementor-id=\"58\" class=\"elementor elementor-58\">\n\t\t\t\t<div class=\"elementor-element elementor-element-ac47508 e-flex e-con-boxed e-con e-parent\" data-id=\"ac47508\" data-element_type=\"container\" data-e-type=\"container\" data-settings=\"{&quot;background_background&quot;:&quot;classic&quot;}\">\n\t\t\t\t\t<div class=\"e-con-inner\">\n\t\t\t\t<div class=\"elementor-element elementor-element-030f75e elementor-widget elementor-widget-spacer\" data-id=\"030f75e\" data-element_type=\"widget\" data-e-type=\"widget\" data-widget_type=\"spacer.default\">\n\t\t\t\t<div class=\"elementor-widget-container\">\n\t\t\t\t\t\t\t<div class=\"elementor-spacer\">\n\t\t\t<div class=\"elementor-spacer-inner\"><\/div>\n\t\t<\/div>\n\t\t\t\t\t\t<\/div>\n\t\t\t\t<\/div>\n\t\t\t\t<div class=\"elementor-element elementor-element-5c0669e elementor-widget__width-inherit elementor-widget elementor-widget-heading\" data-id=\"5c0669e\" data-element_type=\"widget\" data-e-type=\"widget\" data-widget_type=\"heading.default\">\n\t\t\t\t<div class=\"elementor-widget-container\">\n\t\t\t\t\t<h3 class=\"elementor-heading-title elementor-size-default\">Nehmen Sie Kontakt zu uns auf.<\/h3>\t\t\t\t<\/div>\n\t\t\t\t<\/div>\n\t\t\t\t<div class=\"elementor-element elementor-element-7ac5004 elementor-widget elementor-widget-spacer\" data-id=\"7ac5004\" data-element_type=\"widget\" data-e-type=\"widget\" data-widget_type=\"spacer.default\">\n\t\t\t\t<div class=\"elementor-widget-container\">\n\t\t\t\t\t\t\t<div class=\"elementor-spacer\">\n\t\t\t<div class=\"elementor-spacer-inner\"><\/div>\n\t\t<\/div>\n\t\t\t\t\t\t<\/div>\n\t\t\t\t<\/div>\n\t\t\t\t\t<\/div>\n\t\t\t\t<\/div>\n\t\t<div class=\"elementor-element elementor-element-7608c6a e-flex e-con-boxed e-con e-parent\" data-id=\"7608c6a\" data-element_type=\"container\" data-e-type=\"container\">\n\t\t\t\t\t<div class=\"e-con-inner\">\n\t\t\t\t<div class=\"elementor-element elementor-element-6224498 elementor-widget elementor-widget-wpforms\" data-id=\"6224498\" data-element_type=\"widget\" data-e-type=\"widget\" data-widget_type=\"wpforms.default\">\n\t\t\t\t<div class=\"elementor-widget-container\">\n\t\t\t\t\t<style id=\"wpforms-css-vars-elementor-widget-6224498\">\n\t\t\t\t.elementor-widget-wpforms.elementor-element-6224498 {\n\t\t\t\t--wpforms-button-background-color: #40C700;\n\t\t\t}\n\t\t\t<\/style><div class=\"wpforms-container wpforms-container-full wpforms-render-modern\" id=\"wpforms-519\"><form id=\"wpforms-form-519\" class=\"wpforms-validate wpforms-form wpforms-ajax-form\" data-formid=\"519\" method=\"post\" enctype=\"multipart\/form-data\" action=\"\/en\/wp-json\/wp\/v2\/pages\/58\" data-token=\"57c585e771efe95c514f334eeb61a9ee\" data-token-time=\"1777517112\"><noscript class=\"wpforms-error-noscript\">Please enable JavaScript in your browser to complete this form.<\/noscript><div id=\"wpforms-error-noscript\" style=\"display: none;\">Please enable JavaScript in your browser to complete this form.<\/div><div class=\"wpforms-field-container\"><div id=\"wpforms-519-field_1-container\" class=\"wpforms-field wpforms-field-text\" data-field-id=\"1\"><label class=\"wpforms-field-label\" for=\"wpforms-519-field_1\">Firma \/ Verein<\/label><input type=\"text\" id=\"wpforms-519-field_1\" class=\"wpforms-field-medium\" name=\"wpforms[fields][1]\" aria-errormessage=\"wpforms-519-field_1-error\" ><\/div><div id=\"wpforms-519-field_8-container\" class=\"wpforms-field wpforms-field-name\" data-field-id=\"8\"><fieldset><legend class=\"wpforms-field-label\">Name <span class=\"wpforms-required-label\" aria-hidden=\"true\">*<\/span><\/legend><div class=\"wpforms-field-row wpforms-field-medium\"><div class=\"wpforms-field-row-block wpforms-first wpforms-one-half\"><input type=\"text\" id=\"wpforms-519-field_8\" class=\"wpforms-field-name-first wpforms-field-required\" name=\"wpforms[fields][8][first]\" aria-errormessage=\"wpforms-519-field_8-error\" required><label for=\"wpforms-519-field_8\" class=\"wpforms-field-sublabel after\">First<\/label><\/div><div class=\"wpforms-field-row-block wpforms-one-half\"><input type=\"text\" id=\"wpforms-519-field_8-last\" class=\"wpforms-field-name-last wpforms-field-required\" name=\"wpforms[fields][8][last]\" aria-errormessage=\"wpforms-519-field_8-last-error\" required><label for=\"wpforms-519-field_8-last\" class=\"wpforms-field-sublabel after\">Last<\/label><\/div><\/div><\/fieldset><\/div><div id=\"wpforms-519-field_9-container\" class=\"wpforms-field wpforms-field-email\" data-field-id=\"9\"><label class=\"wpforms-field-label\" for=\"wpforms-519-field_9\">E-Mail-Adresse <span class=\"wpforms-required-label\" aria-hidden=\"true\">*<\/span><\/label><input type=\"email\" id=\"wpforms-519-field_9\" class=\"wpforms-field-medium wpforms-field-required\" name=\"wpforms[fields][9]\" spellcheck=\"false\" aria-errormessage=\"wpforms-519-field_9-error\" required><\/div><div id=\"wpforms-519-field_15-container\" class=\"wpforms-field wpforms-field-textarea\" data-field-id=\"15\"><label class=\"wpforms-field-label\" for=\"wpforms-519-field_15\">Nachricht <span class=\"wpforms-required-label\" aria-hidden=\"true\">*<\/span><\/label><textarea id=\"wpforms-519-field_15\" class=\"wpforms-field-medium wpforms-field-required\" name=\"wpforms[fields][15]\" aria-errormessage=\"wpforms-519-field_15-error\" required><\/textarea><\/div><div id=\"wpforms-519-field_14-container\" class=\"wpforms-field wpforms-field-checkbox\" data-field-id=\"14\"><fieldset><legend class=\"wpforms-field-label\">Einwilligung <span class=\"wpforms-required-label\" aria-hidden=\"true\">*<\/span><\/legend><ul id=\"wpforms-519-field_14\" class=\"wpforms-field-required\"><li class=\"choice-1 depth-1\"><input type=\"checkbox\" id=\"wpforms-519-field_14_1\" name=\"wpforms[fields][14][]\" value=\"best\u00e4tigen\" aria-errormessage=\"wpforms-519-field_14_1-error\" aria-describedby=\"wpforms-519-field_14-description\" required ><label class=\"wpforms-field-label-inline\" for=\"wpforms-519-field_14_1\">best\u00e4tigen<\/label><\/li><\/ul><div id=\"wpforms-519-field_14-description\" class=\"wpforms-field-description\">Hiermit best\u00e4tige ich, dass ich die Datenschutzerkl\u00e4rung zur Kenntnis genommen habe. Ich stimme zu, dass meine Angaben und Daten zur Beantwortung meiner Anfrage elektronisch erhoben und gespeichert werden. Beachten Sie: Sie haben jederzeit die M\u00f6glichkeit Ihre Einwilligung per Email an sonnsaveournature@gmail.com zu widerrufen. <\/div><\/fieldset><\/div><\/div><!-- .wpforms-field-container --><div class=\"wpforms-submit-container\" ><input type=\"hidden\" name=\"wpforms[id]\" value=\"519\"><input type=\"hidden\" name=\"page_title\" value=\"\"><input type=\"hidden\" name=\"page_url\" value=\"https:\/\/save-our-nature-now.org\/en\/wp-json\/wp\/v2\/pages\/58\"><input type=\"hidden\" name=\"url_referer\" value=\"\"><button type=\"submit\" name=\"wpforms[submit]\" id=\"wpforms-submit-519\" class=\"wpforms-submit\" data-alt-text=\"Wird gesendet\u00a0\u2026\" data-submit-text=\"Absenden\" aria-live=\"assertive\" value=\"wpforms-submit\">Absenden<\/button><img decoding=\"async\" src=\"https:\/\/save-our-nature-now.org\/wp-content\/plugins\/wpforms-lite\/assets\/images\/submit-spin.svg\" class=\"wpforms-submit-spinner\" style=\"display: none;\" width=\"26\" height=\"26\" alt=\"Loading\"><\/div><\/form><\/div>  <!-- .wpforms-container -->\t\t\t\t<\/div>\n\t\t\t\t<\/div>\n\t\t\t\t\t<\/div>\n\t\t\t\t<\/div>\n\t\t\t\t<\/div>\n\t\t","protected":false},"excerpt":{"rendered":"<p>Nehmen Sie Kontakt zu uns auf. Bitte aktiviere JavaScript in deinem Browser, um dieses Formular fertigzustellen.Bitte aktiviere JavaScript in deinem Browser, um dieses Formular fertigzustellen.Firma \/ Verein Name * VornameNachname E-Mail-Adresse *Nachricht * Einwilligung * best\u00e4tigen Hiermit best\u00e4tige ich, dass ich die Datenschutzerkl\u00e4rung zur Kenntnis genommen habe. Ich stimme zu, dass meine Angaben und Daten&hellip;&nbsp;<\/p>","protected":false},"author":1,"featured_media":0,"parent":0,"menu_order":0,"comment_status":"closed","ping_status":"closed","template":"page-templates\/template-pagebuilder-full-width.php","meta":{"neve_meta_sidebar":"","neve_meta_container":"","neve_meta_enable_content_width":"","neve_meta_content_width":0,"neve_meta_title_alignment":"","neve_meta_author_avatar":"","neve_post_elements_order":"","neve_meta_disable_header":"","neve_meta_disable_footer":"","neve_meta_disable_title":"","footnotes":""},"class_list":["post-58","page","type-page","status-publish","hentry"],"yoast_head":"<!-- This site is optimized with the Yoast SEO plugin v27.5 - https:\/\/yoast.com\/product\/yoast-seo-wordpress\/ -->\n<title>Kontakt zu S.O.N.N. | Save our nature now.<\/title>\n<meta name=\"description\" content=\"Nehmen Sie Kontakt zu uns auf. Wir freuen uns sehr auf Fragen, Unterst\u00fctzung und Kooperations-Ideen. Save our nature now.\" \/>\n<meta name=\"robots\" content=\"index, follow, max-snippet:-1, max-image-preview:large, max-video-preview:-1\" \/>\n<link rel=\"canonical\" href=\"https:\/\/save-our-nature-now.org\/en\/kontakt\/\" \/>\n<meta property=\"og:locale\" content=\"en_US\" \/>\n<meta property=\"og:type\" content=\"article\" \/>\n<meta property=\"og:title\" content=\"Kontakt zu S.O.N.N. | Save our nature now.\" \/>\n<meta property=\"og:description\" content=\"Nehmen Sie Kontakt zu uns auf. Wir freuen uns sehr auf Fragen, Unterst\u00fctzung und Kooperations-Ideen. Save our nature now.\" \/>\n<meta property=\"og:url\" content=\"https:\/\/save-our-nature-now.org\/en\/kontakt\/\" \/>\n<meta property=\"og:site_name\" content=\"S.O.N.N.\" \/>\n<meta property=\"article:modified_time\" content=\"2023-12-29T20:11:17+00:00\" \/>\n<meta property=\"og:image\" content=\"https:\/\/save-our-nature-now.org\/wp-content\/plugins\/wpforms-lite\/assets\/images\/submit-spin.svg\" \/>\n<meta name=\"twitter:card\" content=\"summary_large_image\" \/>\n<meta name=\"twitter:label1\" content=\"Est. reading time\" \/>\n\t<meta name=\"twitter:data1\" content=\"1 minute\" \/>\n<script type=\"application\/ld+json\" class=\"yoast-schema-graph\">{\"@context\":\"https:\\\/\\\/schema.org\",\"@graph\":[{\"@type\":\"WebPage\",\"@id\":\"https:\\\/\\\/save-our-nature-now.org\\\/kontakt\\\/\",\"url\":\"https:\\\/\\\/save-our-nature-now.org\\\/kontakt\\\/\",\"name\":\"Kontakt zu S.O.N.N. | Save our nature now.\",\"isPartOf\":{\"@id\":\"https:\\\/\\\/save-our-nature-now.org\\\/#website\"},\"primaryImageOfPage\":{\"@id\":\"https:\\\/\\\/save-our-nature-now.org\\\/kontakt\\\/#primaryimage\"},\"image\":{\"@id\":\"https:\\\/\\\/save-our-nature-now.org\\\/kontakt\\\/#primaryimage\"},\"thumbnailUrl\":\"https:\\\/\\\/save-our-nature-now.org\\\/wp-content\\\/plugins\\\/wpforms-lite\\\/assets\\\/images\\\/submit-spin.svg\",\"datePublished\":\"2023-12-19T08:53:30+00:00\",\"dateModified\":\"2023-12-29T20:11:17+00:00\",\"description\":\"Nehmen Sie Kontakt zu uns auf. Wir freuen uns sehr auf Fragen, Unterst\u00fctzung und Kooperations-Ideen. Save our nature now.\",\"breadcrumb\":{\"@id\":\"https:\\\/\\\/save-our-nature-now.org\\\/kontakt\\\/#breadcrumb\"},\"inLanguage\":\"en-US\",\"potentialAction\":[{\"@type\":\"ReadAction\",\"target\":[\"https:\\\/\\\/save-our-nature-now.org\\\/kontakt\\\/\"]}]},{\"@type\":\"ImageObject\",\"inLanguage\":\"en-US\",\"@id\":\"https:\\\/\\\/save-our-nature-now.org\\\/kontakt\\\/#primaryimage\",\"url\":\"https:\\\/\\\/save-our-nature-now.org\\\/wp-content\\\/plugins\\\/wpforms-lite\\\/assets\\\/images\\\/submit-spin.svg\",\"contentUrl\":\"https:\\\/\\\/save-our-nature-now.org\\\/wp-content\\\/plugins\\\/wpforms-lite\\\/assets\\\/images\\\/submit-spin.svg\"},{\"@type\":\"BreadcrumbList\",\"@id\":\"https:\\\/\\\/save-our-nature-now.org\\\/kontakt\\\/#breadcrumb\",\"itemListElement\":[{\"@type\":\"ListItem\",\"position\":1,\"name\":\"Startseite\",\"item\":\"https:\\\/\\\/save-our-nature-now.org\\\/\"},{\"@type\":\"ListItem\",\"position\":2,\"name\":\"Kontakt\"}]},{\"@type\":\"WebSite\",\"@id\":\"https:\\\/\\\/save-our-nature-now.org\\\/#website\",\"url\":\"https:\\\/\\\/save-our-nature-now.org\\\/\",\"name\":\"S.O.N.N.\",\"description\":\"Save our Nature now.\",\"potentialAction\":[{\"@type\":\"SearchAction\",\"target\":{\"@type\":\"EntryPoint\",\"urlTemplate\":\"https:\\\/\\\/save-our-nature-now.org\\\/?s={search_term_string}\"},\"query-input\":{\"@type\":\"PropertyValueSpecification\",\"valueRequired\":true,\"valueName\":\"search_term_string\"}}],\"inLanguage\":\"en-US\"}]}<\/script>\n<!-- \/ Yoast SEO plugin. -->","yoast_head_json":{"title":"Kontakt zu S.O.N.N. | Save our nature now.","description":"Nehmen Sie Kontakt zu uns auf. Wir freuen uns sehr auf Fragen, Unterst\u00fctzung und Kooperations-Ideen. Save our nature now.","robots":{"index":"index","follow":"follow","max-snippet":"max-snippet:-1","max-image-preview":"max-image-preview:large","max-video-preview":"max-video-preview:-1"},"canonical":"https:\/\/save-our-nature-now.org\/en\/kontakt\/","og_locale":"en_US","og_type":"article","og_title":"Kontakt zu S.O.N.N. | Save our nature now.","og_description":"Nehmen Sie Kontakt zu uns auf. Wir freuen uns sehr auf Fragen, Unterst\u00fctzung und Kooperations-Ideen. Save our nature now.","og_url":"https:\/\/save-our-nature-now.org\/en\/kontakt\/","og_site_name":"S.O.N.N.","article_modified_time":"2023-12-29T20:11:17+00:00","og_image":[{"url":"https:\/\/save-our-nature-now.org\/wp-content\/plugins\/wpforms-lite\/assets\/images\/submit-spin.svg","type":"","width":"","height":""}],"twitter_card":"summary_large_image","twitter_misc":{"Est. reading time":"1 minute"},"schema":{"@context":"https:\/\/schema.org","@graph":[{"@type":"WebPage","@id":"https:\/\/save-our-nature-now.org\/kontakt\/","url":"https:\/\/save-our-nature-now.org\/kontakt\/","name":"Kontakt zu S.O.N.N. | Save our nature now.","isPartOf":{"@id":"https:\/\/save-our-nature-now.org\/#website"},"primaryImageOfPage":{"@id":"https:\/\/save-our-nature-now.org\/kontakt\/#primaryimage"},"image":{"@id":"https:\/\/save-our-nature-now.org\/kontakt\/#primaryimage"},"thumbnailUrl":"https:\/\/save-our-nature-now.org\/wp-content\/plugins\/wpforms-lite\/assets\/images\/submit-spin.svg","datePublished":"2023-12-19T08:53:30+00:00","dateModified":"2023-12-29T20:11:17+00:00","description":"Nehmen Sie Kontakt zu uns auf. Wir freuen uns sehr auf Fragen, Unterst\u00fctzung und Kooperations-Ideen. Save our nature now.","breadcrumb":{"@id":"https:\/\/save-our-nature-now.org\/kontakt\/#breadcrumb"},"inLanguage":"en-US","potentialAction":[{"@type":"ReadAction","target":["https:\/\/save-our-nature-now.org\/kontakt\/"]}]},{"@type":"ImageObject","inLanguage":"en-US","@id":"https:\/\/save-our-nature-now.org\/kontakt\/#primaryimage","url":"https:\/\/save-our-nature-now.org\/wp-content\/plugins\/wpforms-lite\/assets\/images\/submit-spin.svg","contentUrl":"https:\/\/save-our-nature-now.org\/wp-content\/plugins\/wpforms-lite\/assets\/images\/submit-spin.svg"},{"@type":"BreadcrumbList","@id":"https:\/\/save-our-nature-now.org\/kontakt\/#breadcrumb","itemListElement":[{"@type":"ListItem","position":1,"name":"Startseite","item":"https:\/\/save-our-nature-now.org\/"},{"@type":"ListItem","position":2,"name":"Kontakt"}]},{"@type":"WebSite","@id":"https:\/\/save-our-nature-now.org\/#website","url":"https:\/\/save-our-nature-now.org\/","name":"S.O.N.N.","description":"Save our Nature now.","potentialAction":[{"@type":"SearchAction","target":{"@type":"EntryPoint","urlTemplate":"https:\/\/save-our-nature-now.org\/?s={search_term_string}"},"query-input":{"@type":"PropertyValueSpecification","valueRequired":true,"valueName":"search_term_string"}}],"inLanguage":"en-US"}]}},"_links":{"self":[{"href":"https:\/\/save-our-nature-now.org\/en\/wp-json\/wp\/v2\/pages\/58","targetHints":{"allow":["GET"]}}],"collection":[{"href":"https:\/\/save-our-nature-now.org\/en\/wp-json\/wp\/v2\/pages"}],"about":[{"href":"https:\/\/save-our-nature-now.org\/en\/wp-json\/wp\/v2\/types\/page"}],"author":[{"embeddable":true,"href":"https:\/\/save-our-nature-now.org\/en\/wp-json\/wp\/v2\/users\/1"}],"replies":[{"embeddable":true,"href":"https:\/\/save-our-nature-now.org\/en\/wp-json\/wp\/v2\/comments?post=58"}],"version-history":[{"count":10,"href":"https:\/\/save-our-nature-now.org\/en\/wp-json\/wp\/v2\/pages\/58\/revisions"}],"predecessor-version":[{"id":531,"href":"https:\/\/save-our-nature-now.org\/en\/wp-json\/wp\/v2\/pages\/58\/revisions\/531"}],"wp:attachment":[{"href":"https:\/\/save-our-nature-now.org\/en\/wp-json\/wp\/v2\/media?parent=58"}],"curies":[{"name":"wp","href":"https:\/\/api.w.org\/{rel}","templated":true}]}}