{"id":55,"date":"2023-12-19T08:53:13","date_gmt":"2023-12-19T08:53:13","guid":{"rendered":"https:\/\/save-our-nature-now.org\/?page_id=55"},"modified":"2024-01-02T09:18:43","modified_gmt":"2024-01-02T09:18:43","slug":"unterstuetzen","status":"publish","type":"page","link":"https:\/\/save-our-nature-now.org\/en\/unterstuetzen\/","title":{"rendered":"Unterst\u00fctzen"},"content":{"rendered":"\t\t<div data-elementor-type=\"wp-page\" data-elementor-id=\"55\" class=\"elementor elementor-55\">\n\t\t\t\t<div class=\"elementor-element elementor-element-609cb4b e-flex e-con-boxed e-con e-parent\" data-id=\"609cb4b\" data-element_type=\"container\" data-e-type=\"container\" data-settings=\"{&quot;background_background&quot;:&quot;classic&quot;}\">\n\t\t\t\t\t<div class=\"e-con-inner\">\n\t\t\t\t<div class=\"elementor-element elementor-element-6eca1f7 elementor-widget elementor-widget-spacer\" data-id=\"6eca1f7\" data-element_type=\"widget\" data-e-type=\"widget\" data-widget_type=\"spacer.default\">\n\t\t\t\t<div class=\"elementor-widget-container\">\n\t\t\t\t\t\t\t<div class=\"elementor-spacer\">\n\t\t\t<div class=\"elementor-spacer-inner\"><\/div>\n\t\t<\/div>\n\t\t\t\t\t\t<\/div>\n\t\t\t\t<\/div>\n\t\t\t\t<div class=\"elementor-element elementor-element-0812559 elementor-widget__width-inherit elementor-widget elementor-widget-heading\" data-id=\"0812559\" data-element_type=\"widget\" data-e-type=\"widget\" data-widget_type=\"heading.default\">\n\t\t\t\t<div class=\"elementor-widget-container\">\n\t\t\t\t\t<h3 class=\"elementor-heading-title elementor-size-default\">Unterst\u00fctzen Sie den Regenwaldschutz.<\/h3>\t\t\t\t<\/div>\n\t\t\t\t<\/div>\n\t\t\t\t<div class=\"elementor-element elementor-element-71a7db0 elementor-widget elementor-widget-spacer\" data-id=\"71a7db0\" data-element_type=\"widget\" data-e-type=\"widget\" data-widget_type=\"spacer.default\">\n\t\t\t\t<div class=\"elementor-widget-container\">\n\t\t\t\t\t\t\t<div class=\"elementor-spacer\">\n\t\t\t<div class=\"elementor-spacer-inner\"><\/div>\n\t\t<\/div>\n\t\t\t\t\t\t<\/div>\n\t\t\t\t<\/div>\n\t\t\t\t\t<\/div>\n\t\t\t\t<\/div>\n\t\t<div class=\"elementor-element elementor-element-5dd5778 e-flex e-con-boxed e-con e-parent\" data-id=\"5dd5778\" data-element_type=\"container\" data-e-type=\"container\">\n\t\t\t\t\t<div class=\"e-con-inner\">\n\t\t\t\t<div class=\"elementor-element elementor-element-a48d0ba elementor-widget elementor-widget-spacer\" data-id=\"a48d0ba\" data-element_type=\"widget\" data-e-type=\"widget\" data-widget_type=\"spacer.default\">\n\t\t\t\t<div class=\"elementor-widget-container\">\n\t\t\t\t\t\t\t<div class=\"elementor-spacer\">\n\t\t\t<div class=\"elementor-spacer-inner\"><\/div>\n\t\t<\/div>\n\t\t\t\t\t\t<\/div>\n\t\t\t\t<\/div>\n\t\t\t\t<div class=\"elementor-element elementor-element-f01f730 elementor-widget elementor-widget-text-editor\" data-id=\"f01f730\" data-element_type=\"widget\" data-e-type=\"widget\" data-widget_type=\"text-editor.default\">\n\t\t\t\t<div class=\"elementor-widget-container\">\n\t\t\t\t\t\t\t\t\t<p>Mit einer Unterst\u00fctzung in der H\u00f6he von 800\u20ac geht eine Parzelle in Ihr Eigentum \u00fcber, welche durch Ihre Hilfe von uns im nat\u00fcrlichen Zustand erhalten werden kann. Sie bekommen die erforderlichen Dokumente (Zertifikat, notariell beglaubigte Abtretungsurkunde, Spendenbescheinigung) auf dem Postweg zu Ihnen nach Hause zugestellt. Die Parzelle ist auf 99 Jahre f\u00fcr den Weiterverkauf, Abholzung, Verbauung etc. gesperrt. Ihre Enkelkinder k\u00f6nnen es dann in Ihrem eigenen Interesse verwenden. Wir gehen davon aus, dass unsere Gesellschaft kl\u00fcger wird, und der Schutz eines solch gro\u00dfartigen Lebensraumes bis dahin selbstverst\u00e4ndlich ist. Unsere Nachfahren werden sicherlich in diesem Sinne weiter handeln, wollen aber Ihren Nachkommen die Entscheidung selbst \u00fcberlassen. Damit verwandeln wir einen Teil des Amazonas f\u00fcr mindestens 99 Jahre in ein Naturschutzgebiet. Sollten Sie den Amazonas auch auf l\u00e4ngere Zeit sch\u00fctzen wollen, so obliegt es Ihnen, die Dokumente dementsprechend zu sch\u00fctzen. Gerne stehen wir Ihnen f\u00fcr Informationen zu diesem Thema pers\u00f6nlich zur Verf\u00fcgung.<br \/>Gern k\u00f6nnen Sie auch mehrere Parzellen sch\u00fctzen, bitte f\u00fcllen Sie das Formular vollst\u00e4ndig aus, und \u00fcberweise den dementsprechenden Betrag auf folgendes Konto:<\/p><p><strong>Kontoinhaber: S.O.N.N.<\/strong><br \/><strong>IBAN: BR4307679404000005187061276C1<\/strong><br \/><strong>BIC: TOPZBRRSXXX<\/strong><\/p><p>Geben Sie bitte f\u00fcr die Zuordnung als <strong>Verwendungszweck Ihren vollen Namen und das Wort \u201eUnterst\u00fctzung Amazonas-Schutz<\/strong>\u201c an.<br \/>Sollten Sie Ihren Namen bei der \u00dcberweisung NICHT angeben, so wird damit eine Parzelle vom Verein S.O.N.N. gesch\u00fctzt. Der Verein sch\u00fctzt die Grundst\u00fccke \u00fcber die 99 Jahre hinaus.<\/p><p>Sie k\u00f6nnen auch gerne einen Betrag Ihrer Wahl in unseren Sammeltopf bezahlen. Jedes Mal wenn hier der Betrag f\u00fcr eine Parzelle zusammen gekommen ist, werden unsere Schutzma\u00dfnahmen auf einen weiteren Bereich ausgedehnt.<\/p><p>Die im Formular angegebenen Daten brauchen wir f\u00fcr die Erstellung, und den Versand der Dokumente.<br \/>Die Daten werden ausschlie\u00dflich f\u00fcr diesen Zweck verwendet.<\/p>\t\t\t\t\t\t\t\t<\/div>\n\t\t\t\t<\/div>\n\t\t\t\t\t<\/div>\n\t\t\t\t<\/div>\n\t\t<div class=\"elementor-element elementor-element-de2c2b3 e-flex e-con-boxed e-con e-parent\" data-id=\"de2c2b3\" data-element_type=\"container\" data-e-type=\"container\" data-settings=\"{&quot;background_background&quot;:&quot;classic&quot;}\">\n\t\t\t\t\t<div class=\"e-con-inner\">\n\t\t\t\t<div class=\"elementor-element elementor-element-e977a32 elementor-widget elementor-widget-wpforms\" data-id=\"e977a32\" data-element_type=\"widget\" data-e-type=\"widget\" data-widget_type=\"wpforms.default\">\n\t\t\t\t<div class=\"elementor-widget-container\">\n\t\t\t\t\t<style id=\"wpforms-css-vars-elementor-widget-e977a32\">\n\t\t\t\t.elementor-widget-wpforms.elementor-element-e977a32 {\n\t\t\t\t--wpforms-field-text-color: #000000;\n--wpforms-label-color: #FFFFFFFA;\n--wpforms-label-sublabel-color: #FFFFFF;\n--wpforms-button-background-color: #40C700;\n\t\t\t}\n\t\t\t<\/style><div class=\"wpforms-container wpforms-container-full wpforms-render-modern\" id=\"wpforms-437\"><form id=\"wpforms-form-437\" class=\"wpforms-validate wpforms-form wpforms-ajax-form\" data-formid=\"437\" method=\"post\" enctype=\"multipart\/form-data\" action=\"\/en\/wp-json\/wp\/v2\/pages\/55\" data-token=\"e0f2706e538fdb2ad4df45fc7603d630\" data-token-time=\"1777517152\"><noscript class=\"wpforms-error-noscript\">Please enable JavaScript in your browser to complete this form.<\/noscript><div id=\"wpforms-error-noscript\" style=\"display: none;\">Please enable JavaScript in your browser to complete this form.<\/div><div class=\"wpforms-field-container\"><div id=\"wpforms-437-field_1-container\" class=\"wpforms-field wpforms-field-text\" data-field-id=\"1\"><label class=\"wpforms-field-label\" for=\"wpforms-437-field_1\">Firma \/ Verein<\/label><input type=\"text\" id=\"wpforms-437-field_1\" class=\"wpforms-field-medium\" name=\"wpforms[fields][1]\" aria-errormessage=\"wpforms-437-field_1-error\" ><\/div><div id=\"wpforms-437-field_8-container\" class=\"wpforms-field wpforms-field-name\" data-field-id=\"8\"><fieldset><legend class=\"wpforms-field-label\">Name <span class=\"wpforms-required-label\" aria-hidden=\"true\">*<\/span><\/legend><div class=\"wpforms-field-row wpforms-field-medium\"><div class=\"wpforms-field-row-block wpforms-first wpforms-one-half\"><input type=\"text\" id=\"wpforms-437-field_8\" class=\"wpforms-field-name-first wpforms-field-required\" name=\"wpforms[fields][8][first]\" aria-errormessage=\"wpforms-437-field_8-error\" required><label for=\"wpforms-437-field_8\" class=\"wpforms-field-sublabel after\">First<\/label><\/div><div class=\"wpforms-field-row-block wpforms-one-half\"><input type=\"text\" id=\"wpforms-437-field_8-last\" class=\"wpforms-field-name-last wpforms-field-required\" name=\"wpforms[fields][8][last]\" aria-errormessage=\"wpforms-437-field_8-last-error\" required><label for=\"wpforms-437-field_8-last\" class=\"wpforms-field-sublabel after\">Last<\/label><\/div><\/div><\/fieldset><\/div><div id=\"wpforms-437-field_4-container\" class=\"wpforms-field wpforms-field-text\" data-field-id=\"4\"><label class=\"wpforms-field-label\" for=\"wpforms-437-field_4\">Geburtsdatum <span class=\"wpforms-required-label\" aria-hidden=\"true\">*<\/span><\/label><input type=\"text\" id=\"wpforms-437-field_4\" class=\"wpforms-field-medium wpforms-field-required\" name=\"wpforms[fields][4]\" aria-errormessage=\"wpforms-437-field_4-error\" required><\/div><div id=\"wpforms-437-field_9-container\" class=\"wpforms-field wpforms-field-email\" data-field-id=\"9\"><label class=\"wpforms-field-label\" for=\"wpforms-437-field_9\">E-Mail-Adresse <span class=\"wpforms-required-label\" aria-hidden=\"true\">*<\/span><\/label><input type=\"email\" id=\"wpforms-437-field_9\" class=\"wpforms-field-medium wpforms-field-required\" name=\"wpforms[fields][9]\" spellcheck=\"false\" aria-errormessage=\"wpforms-437-field_9-error\" required><\/div><div id=\"wpforms-437-field_6-container\" class=\"wpforms-field wpforms-field-text\" data-field-id=\"6\"><label class=\"wpforms-field-label\" for=\"wpforms-437-field_6\">Stra\u00dfe <span class=\"wpforms-required-label\" aria-hidden=\"true\">*<\/span><\/label><input type=\"text\" id=\"wpforms-437-field_6\" class=\"wpforms-field-medium wpforms-field-required\" name=\"wpforms[fields][6]\" aria-errormessage=\"wpforms-437-field_6-error\" required><\/div><div id=\"wpforms-437-field_10-container\" class=\"wpforms-field wpforms-field-text\" data-field-id=\"10\"><label class=\"wpforms-field-label\" for=\"wpforms-437-field_10\">Postleitzahl <span class=\"wpforms-required-label\" aria-hidden=\"true\">*<\/span><\/label><input type=\"text\" id=\"wpforms-437-field_10\" class=\"wpforms-field-medium wpforms-field-required\" name=\"wpforms[fields][10]\" aria-errormessage=\"wpforms-437-field_10-error\" required><\/div><div id=\"wpforms-437-field_11-container\" class=\"wpforms-field wpforms-field-text\" data-field-id=\"11\"><label class=\"wpforms-field-label\" for=\"wpforms-437-field_11\">Ort <span class=\"wpforms-required-label\" aria-hidden=\"true\">*<\/span><\/label><input type=\"text\" id=\"wpforms-437-field_11\" class=\"wpforms-field-medium wpforms-field-required\" name=\"wpforms[fields][11]\" aria-errormessage=\"wpforms-437-field_11-error\" required><\/div><div id=\"wpforms-437-field_12-container\" class=\"wpforms-field wpforms-field-text\" data-field-id=\"12\"><label class=\"wpforms-field-label\" for=\"wpforms-437-field_12\">Land <span class=\"wpforms-required-label\" aria-hidden=\"true\">*<\/span><\/label><input type=\"text\" id=\"wpforms-437-field_12\" class=\"wpforms-field-medium wpforms-field-required\" name=\"wpforms[fields][12]\" aria-errormessage=\"wpforms-437-field_12-error\" required><\/div><div id=\"wpforms-437-field_14-container\" class=\"wpforms-field wpforms-field-checkbox\" data-field-id=\"14\"><fieldset><legend class=\"wpforms-field-label\">Einwilligung <span class=\"wpforms-required-label\" aria-hidden=\"true\">*<\/span><\/legend><ul id=\"wpforms-437-field_14\" class=\"wpforms-field-required\"><li class=\"choice-1 depth-1\"><input type=\"checkbox\" id=\"wpforms-437-field_14_1\" name=\"wpforms[fields][14][]\" value=\"best\u00e4tigen\" aria-errormessage=\"wpforms-437-field_14_1-error\" aria-describedby=\"wpforms-437-field_14-description\" required ><label class=\"wpforms-field-label-inline\" for=\"wpforms-437-field_14_1\">best\u00e4tigen<\/label><\/li><\/ul><div id=\"wpforms-437-field_14-description\" class=\"wpforms-field-description\">Hiermit best\u00e4tige ich, dass ich die Datenschutzerkl\u00e4rung zur Kenntnis genommen habe. Ich stimme zu, dass meine Angaben und Daten zur Beantwortung meiner Anfrage elektronisch erhoben und gespeichert werden. Beachten Sie: Sie haben jederzeit die M\u00f6glichkeit Ihre Einwilligung per Email an sonnsaveournature@gmail.com zu widerrufen. <\/div><\/fieldset><\/div><\/div><!-- .wpforms-field-container --><div class=\"wpforms-submit-container\" ><input type=\"hidden\" name=\"wpforms[id]\" value=\"437\"><input type=\"hidden\" name=\"page_title\" value=\"\"><input type=\"hidden\" name=\"page_url\" value=\"https:\/\/save-our-nature-now.org\/en\/wp-json\/wp\/v2\/pages\/55\"><input type=\"hidden\" name=\"url_referer\" value=\"\"><button type=\"submit\" name=\"wpforms[submit]\" id=\"wpforms-submit-437\" class=\"wpforms-submit\" data-alt-text=\"Wird gesendet\u00a0\u2026\" data-submit-text=\"Absenden\" aria-live=\"assertive\" value=\"wpforms-submit\">Absenden<\/button><img decoding=\"async\" src=\"https:\/\/save-our-nature-now.org\/wp-content\/plugins\/wpforms-lite\/assets\/images\/submit-spin.svg\" class=\"wpforms-submit-spinner\" style=\"display: none;\" width=\"26\" height=\"26\" alt=\"Loading\"><\/div><\/form><\/div>  <!-- .wpforms-container -->\t\t\t\t<\/div>\n\t\t\t\t<\/div>\n\t\t\t\t\t<\/div>\n\t\t\t\t<\/div>\n\t\t\t\t<\/div>\n\t\t","protected":false},"excerpt":{"rendered":"<p>Unterst\u00fctzen Sie den Regenwaldschutz. Mit einer Unterst\u00fctzung in der H\u00f6he von 800\u20ac geht eine Parzelle in Ihr Eigentum \u00fcber, welche durch Ihre Hilfe von uns im nat\u00fcrlichen Zustand erhalten werden kann. Sie bekommen die erforderlichen Dokumente (Zertifikat, notariell beglaubigte Abtretungsurkunde, Spendenbescheinigung) auf dem Postweg zu Ihnen nach Hause zugestellt. Die Parzelle ist auf 99 Jahre&hellip;&nbsp;<\/p>","protected":false},"author":1,"featured_media":0,"parent":0,"menu_order":0,"comment_status":"closed","ping_status":"closed","template":"page-templates\/template-pagebuilder-full-width.php","meta":{"neve_meta_sidebar":"","neve_meta_container":"","neve_meta_enable_content_width":"","neve_meta_content_width":0,"neve_meta_title_alignment":"","neve_meta_author_avatar":"","neve_post_elements_order":"","neve_meta_disable_header":"","neve_meta_disable_footer":"","neve_meta_disable_title":"","footnotes":""},"class_list":["post-55","page","type-page","status-publish","hentry"],"yoast_head":"<!-- This site is optimized with the Yoast SEO plugin v27.5 - https:\/\/yoast.com\/product\/yoast-seo-wordpress\/ -->\n<title>Regenwaldschutz unterst\u00fctzen | Save our nature now.<\/title>\n<meta name=\"description\" content=\"Jetzt Regenwaldschutz unterst\u00fctzen. Kaufen Sie f\u00fcr 800 \u20ac eine Parzelle mit 2.528 m\u00b2 und sch\u00fctzen Sie so ein St\u00fcck Amazonas-Regenwald.\" \/>\n<meta name=\"robots\" content=\"index, follow, max-snippet:-1, max-image-preview:large, max-video-preview:-1\" \/>\n<link rel=\"canonical\" href=\"https:\/\/save-our-nature-now.org\/en\/unterstuetzen\/\" \/>\n<meta property=\"og:locale\" content=\"en_US\" \/>\n<meta property=\"og:type\" content=\"article\" \/>\n<meta property=\"og:title\" content=\"Regenwaldschutz unterst\u00fctzen | Save our nature now.\" \/>\n<meta property=\"og:description\" content=\"Jetzt Regenwaldschutz unterst\u00fctzen. Kaufen Sie f\u00fcr 800 \u20ac eine Parzelle mit 2.528 m\u00b2 und sch\u00fctzen Sie so ein St\u00fcck Amazonas-Regenwald.\" \/>\n<meta property=\"og:url\" content=\"https:\/\/save-our-nature-now.org\/en\/unterstuetzen\/\" \/>\n<meta property=\"og:site_name\" content=\"S.O.N.N.\" \/>\n<meta property=\"article:modified_time\" content=\"2024-01-02T09:18:43+00:00\" \/>\n<meta property=\"og:image\" content=\"https:\/\/save-our-nature-now.org\/wp-content\/plugins\/wpforms-lite\/assets\/images\/submit-spin.svg\" \/>\n<meta name=\"twitter:card\" content=\"summary_large_image\" \/>\n<meta name=\"twitter:label1\" content=\"Est. reading time\" \/>\n\t<meta name=\"twitter:data1\" content=\"2 minutes\" \/>\n<script type=\"application\/ld+json\" class=\"yoast-schema-graph\">{\"@context\":\"https:\\\/\\\/schema.org\",\"@graph\":[{\"@type\":\"WebPage\",\"@id\":\"https:\\\/\\\/save-our-nature-now.org\\\/unterstuetzen\\\/\",\"url\":\"https:\\\/\\\/save-our-nature-now.org\\\/unterstuetzen\\\/\",\"name\":\"Regenwaldschutz unterst\u00fctzen | Save our nature now.\",\"isPartOf\":{\"@id\":\"https:\\\/\\\/save-our-nature-now.org\\\/#website\"},\"primaryImageOfPage\":{\"@id\":\"https:\\\/\\\/save-our-nature-now.org\\\/unterstuetzen\\\/#primaryimage\"},\"image\":{\"@id\":\"https:\\\/\\\/save-our-nature-now.org\\\/unterstuetzen\\\/#primaryimage\"},\"thumbnailUrl\":\"https:\\\/\\\/save-our-nature-now.org\\\/wp-content\\\/plugins\\\/wpforms-lite\\\/assets\\\/images\\\/submit-spin.svg\",\"datePublished\":\"2023-12-19T08:53:13+00:00\",\"dateModified\":\"2024-01-02T09:18:43+00:00\",\"description\":\"Jetzt Regenwaldschutz unterst\u00fctzen. Kaufen Sie f\u00fcr 800 \u20ac eine Parzelle mit 2.528 m\u00b2 und sch\u00fctzen Sie so ein St\u00fcck Amazonas-Regenwald.\",\"breadcrumb\":{\"@id\":\"https:\\\/\\\/save-our-nature-now.org\\\/unterstuetzen\\\/#breadcrumb\"},\"inLanguage\":\"en-US\",\"potentialAction\":[{\"@type\":\"ReadAction\",\"target\":[\"https:\\\/\\\/save-our-nature-now.org\\\/unterstuetzen\\\/\"]}]},{\"@type\":\"ImageObject\",\"inLanguage\":\"en-US\",\"@id\":\"https:\\\/\\\/save-our-nature-now.org\\\/unterstuetzen\\\/#primaryimage\",\"url\":\"https:\\\/\\\/save-our-nature-now.org\\\/wp-content\\\/plugins\\\/wpforms-lite\\\/assets\\\/images\\\/submit-spin.svg\",\"contentUrl\":\"https:\\\/\\\/save-our-nature-now.org\\\/wp-content\\\/plugins\\\/wpforms-lite\\\/assets\\\/images\\\/submit-spin.svg\"},{\"@type\":\"BreadcrumbList\",\"@id\":\"https:\\\/\\\/save-our-nature-now.org\\\/unterstuetzen\\\/#breadcrumb\",\"itemListElement\":[{\"@type\":\"ListItem\",\"position\":1,\"name\":\"Startseite\",\"item\":\"https:\\\/\\\/save-our-nature-now.org\\\/\"},{\"@type\":\"ListItem\",\"position\":2,\"name\":\"Unterst\u00fctzen\"}]},{\"@type\":\"WebSite\",\"@id\":\"https:\\\/\\\/save-our-nature-now.org\\\/#website\",\"url\":\"https:\\\/\\\/save-our-nature-now.org\\\/\",\"name\":\"S.O.N.N.\",\"description\":\"Save our Nature now.\",\"potentialAction\":[{\"@type\":\"SearchAction\",\"target\":{\"@type\":\"EntryPoint\",\"urlTemplate\":\"https:\\\/\\\/save-our-nature-now.org\\\/?s={search_term_string}\"},\"query-input\":{\"@type\":\"PropertyValueSpecification\",\"valueRequired\":true,\"valueName\":\"search_term_string\"}}],\"inLanguage\":\"en-US\"}]}<\/script>\n<!-- \/ Yoast SEO plugin. -->","yoast_head_json":{"title":"Regenwaldschutz unterst\u00fctzen | Save our nature now.","description":"Jetzt Regenwaldschutz unterst\u00fctzen. Kaufen Sie f\u00fcr 800 \u20ac eine Parzelle mit 2.528 m\u00b2 und sch\u00fctzen Sie so ein St\u00fcck Amazonas-Regenwald.","robots":{"index":"index","follow":"follow","max-snippet":"max-snippet:-1","max-image-preview":"max-image-preview:large","max-video-preview":"max-video-preview:-1"},"canonical":"https:\/\/save-our-nature-now.org\/en\/unterstuetzen\/","og_locale":"en_US","og_type":"article","og_title":"Regenwaldschutz unterst\u00fctzen | Save our nature now.","og_description":"Jetzt Regenwaldschutz unterst\u00fctzen. Kaufen Sie f\u00fcr 800 \u20ac eine Parzelle mit 2.528 m\u00b2 und sch\u00fctzen Sie so ein St\u00fcck Amazonas-Regenwald.","og_url":"https:\/\/save-our-nature-now.org\/en\/unterstuetzen\/","og_site_name":"S.O.N.N.","article_modified_time":"2024-01-02T09:18:43+00:00","og_image":[{"url":"https:\/\/save-our-nature-now.org\/wp-content\/plugins\/wpforms-lite\/assets\/images\/submit-spin.svg","type":"","width":"","height":""}],"twitter_card":"summary_large_image","twitter_misc":{"Est. reading time":"2 minutes"},"schema":{"@context":"https:\/\/schema.org","@graph":[{"@type":"WebPage","@id":"https:\/\/save-our-nature-now.org\/unterstuetzen\/","url":"https:\/\/save-our-nature-now.org\/unterstuetzen\/","name":"Regenwaldschutz unterst\u00fctzen | Save our nature now.","isPartOf":{"@id":"https:\/\/save-our-nature-now.org\/#website"},"primaryImageOfPage":{"@id":"https:\/\/save-our-nature-now.org\/unterstuetzen\/#primaryimage"},"image":{"@id":"https:\/\/save-our-nature-now.org\/unterstuetzen\/#primaryimage"},"thumbnailUrl":"https:\/\/save-our-nature-now.org\/wp-content\/plugins\/wpforms-lite\/assets\/images\/submit-spin.svg","datePublished":"2023-12-19T08:53:13+00:00","dateModified":"2024-01-02T09:18:43+00:00","description":"Jetzt Regenwaldschutz unterst\u00fctzen. Kaufen Sie f\u00fcr 800 \u20ac eine Parzelle mit 2.528 m\u00b2 und sch\u00fctzen Sie so ein St\u00fcck Amazonas-Regenwald.","breadcrumb":{"@id":"https:\/\/save-our-nature-now.org\/unterstuetzen\/#breadcrumb"},"inLanguage":"en-US","potentialAction":[{"@type":"ReadAction","target":["https:\/\/save-our-nature-now.org\/unterstuetzen\/"]}]},{"@type":"ImageObject","inLanguage":"en-US","@id":"https:\/\/save-our-nature-now.org\/unterstuetzen\/#primaryimage","url":"https:\/\/save-our-nature-now.org\/wp-content\/plugins\/wpforms-lite\/assets\/images\/submit-spin.svg","contentUrl":"https:\/\/save-our-nature-now.org\/wp-content\/plugins\/wpforms-lite\/assets\/images\/submit-spin.svg"},{"@type":"BreadcrumbList","@id":"https:\/\/save-our-nature-now.org\/unterstuetzen\/#breadcrumb","itemListElement":[{"@type":"ListItem","position":1,"name":"Startseite","item":"https:\/\/save-our-nature-now.org\/"},{"@type":"ListItem","position":2,"name":"Unterst\u00fctzen"}]},{"@type":"WebSite","@id":"https:\/\/save-our-nature-now.org\/#website","url":"https:\/\/save-our-nature-now.org\/","name":"S.O.N.N.","description":"Save our Nature now.","potentialAction":[{"@type":"SearchAction","target":{"@type":"EntryPoint","urlTemplate":"https:\/\/save-our-nature-now.org\/?s={search_term_string}"},"query-input":{"@type":"PropertyValueSpecification","valueRequired":true,"valueName":"search_term_string"}}],"inLanguage":"en-US"}]}},"_links":{"self":[{"href":"https:\/\/save-our-nature-now.org\/en\/wp-json\/wp\/v2\/pages\/55","targetHints":{"allow":["GET"]}}],"collection":[{"href":"https:\/\/save-our-nature-now.org\/en\/wp-json\/wp\/v2\/pages"}],"about":[{"href":"https:\/\/save-our-nature-now.org\/en\/wp-json\/wp\/v2\/types\/page"}],"author":[{"embeddable":true,"href":"https:\/\/save-our-nature-now.org\/en\/wp-json\/wp\/v2\/users\/1"}],"replies":[{"embeddable":true,"href":"https:\/\/save-our-nature-now.org\/en\/wp-json\/wp\/v2\/comments?post=55"}],"version-history":[{"count":62,"href":"https:\/\/save-our-nature-now.org\/en\/wp-json\/wp\/v2\/pages\/55\/revisions"}],"predecessor-version":[{"id":605,"href":"https:\/\/save-our-nature-now.org\/en\/wp-json\/wp\/v2\/pages\/55\/revisions\/605"}],"wp:attachment":[{"href":"https:\/\/save-our-nature-now.org\/en\/wp-json\/wp\/v2\/media?parent=55"}],"curies":[{"name":"wp","href":"https:\/\/api.w.org\/{rel}","templated":true}]}}