{"id":496,"date":"2023-12-27T10:09:49","date_gmt":"2023-12-27T10:09:49","guid":{"rendered":"https:\/\/save-our-nature-now.org\/?page_id=496"},"modified":"2023-12-27T10:13:51","modified_gmt":"2023-12-27T10:13:51","slug":"datenschutz","status":"publish","type":"page","link":"https:\/\/save-our-nature-now.org\/en\/datenschutz\/","title":{"rendered":"Legal"},"content":{"rendered":"\t\t<div data-elementor-type=\"wp-page\" data-elementor-id=\"496\" class=\"elementor elementor-496\">\n\t\t\t\t<div class=\"elementor-element elementor-element-da56462 e-flex e-con-boxed e-con e-parent\" data-id=\"da56462\" data-element_type=\"container\" data-e-type=\"container\">\n\t\t\t\t\t<div class=\"e-con-inner\">\n\t\t\t\t<div class=\"elementor-element elementor-element-ae1af4b elementor-widget elementor-widget-spacer\" data-id=\"ae1af4b\" data-element_type=\"widget\" data-e-type=\"widget\" data-widget_type=\"spacer.default\">\n\t\t\t\t<div class=\"elementor-widget-container\">\n\t\t\t\t\t\t\t<div class=\"elementor-spacer\">\n\t\t\t<div class=\"elementor-spacer-inner\"><\/div>\n\t\t<\/div>\n\t\t\t\t\t\t<\/div>\n\t\t\t\t<\/div>\n\t\t\t\t<div class=\"elementor-element elementor-element-98dd460 elementor-widget elementor-widget-heading\" data-id=\"98dd460\" data-element_type=\"widget\" data-e-type=\"widget\" data-widget_type=\"heading.default\">\n\t\t\t\t<div class=\"elementor-widget-container\">\n\t\t\t\t\t<h2 class=\"elementor-heading-title elementor-size-default\">Datenschutzerkl\u00e4rung<\/h2>\t\t\t\t<\/div>\n\t\t\t\t<\/div>\n\t\t\t\t<div class=\"elementor-element elementor-element-74f0c4a elementor-widget elementor-widget-text-editor\" data-id=\"74f0c4a\" data-element_type=\"widget\" data-e-type=\"widget\" data-widget_type=\"text-editor.default\">\n\t\t\t\t<div class=\"elementor-widget-container\">\n\t\t\t\t\t\t\t\t\t<div class=\"elementor-text-editor elementor-clearfix\"><p>Der Schutz Ihrer pers\u00f6nlichen Daten ist uns ein besonderes Anliegen. Wir verarbeiten Ihre Daten daher ausschlie\u00dflich auf Grundlage der gesetzlichen Bestimmungen. In dieser Datenschutzerkl\u00e4rung informieren wir Sie \u00fcber die wichtigsten Aspekte der Datenverarbeitung im Rahmen unserer Website.<\/p><\/div><p><strong>Privatsph\u00e4re Einstellungen<br \/><\/strong><\/p><p><a id=\"rcb-sc-link-change\" class=\"rcb-sc-link rcb-sc-link-change \" href=\"https:\/\/save-our-nature.at\/datenschutz\/#consent-change\" data-success-message=\"\">Privatsph\u00e4re-Einstellungen \u00e4ndern<\/a><a id=\"rcb-sc-link-history\" class=\"rcb-sc-link rcb-sc-link-history \" href=\"https:\/\/save-our-nature.at\/datenschutz\/#consent-history\" data-success-message=\"\">Historie der Privatsph\u00e4re-Einstellungen<\/a><a id=\"rcb-sc-link-revoke\" class=\"rcb-sc-link rcb-sc-link-revoke \" href=\"https:\/\/save-our-nature.at\/datenschutz\/#consent-revoke\" data-success-message=\"Du hast die Einwilligung erfolgreich widerrufen. Die Seite wird nun neu geladen.\">Einwilligungen widerrufen<\/a><\/p><div class=\"elementor-text-editor elementor-clearfix\"><p><strong>Verantwortlicher<\/strong><\/p><p>Der Verantwortliche f\u00fcr die Datenverarbeitung ist:<\/p><p><strong>S.O.N.N. \u2013 Save Our Nature Now<\/strong><\/p><p>Rua Monte Castello 41<br \/>Edif Aluma APT 301<br \/>P. do Morro, Guarapari\/ES<br \/>CEP: 29.216-190<\/p><p>Tel.: +55 31 9332-9108<br \/>Mail: andreekorthals(at)gmail.com<\/p><p>Die Rechtsgrundlage der Verarbeitung der Mitgliederdaten f\u00fcr die Mitgliederverwaltung und den Mitgliederbereich entsteht durch die vorvertragliche und vertragliche Erf\u00fcllung, die durch die Mitgliedschaft bei S.O.N.N. \u2013 Save Our Nature Now entsteht, gem\u00e4\u00df Art 6 Abs 1 lit b DSGVO. Die Verarbeitung der Foto-, Audio- und Videoda- teien beruht auf unserem berechtigten Interesse zur \u00d6ffentlichkeitsarbeit, gem\u00e4\u00df Art 6 lit f DSGVO, entsprechend aus dem Vereinsgesetz und unseren Statuten.<\/p><p>Ihre personenbezogenen Daten werden an unsere IT-Dienstleister \u00fcbermittelt. Zur Sicherheit Ihrer Daten wurde mit den betroffenen IT \u2013 Dienstleistern eine Auftragsverarbeitungsvereinbarung im Sinne der DSGVO geschlossen. Sofern nicht anders beschrieben erfolgt keine Weitergabe Ihrer Daten an Dritte.<\/p><p><strong>Mitgliederverwaltung<\/strong><\/p><p>Wir verarbeiten die personenbezogenen Daten unserer Mitglieder (Vereinszugeh\u00f6rigkeit) und zuk\u00fcnftigen Mitglieder (Antragsteller auf Mitgliedschaft) von S.O.N.N. \u2013 Save Our Nature Now, damit die in unseren Statuten festgelegten Ziele bestm\u00f6glich verwirklicht werden k\u00f6nnen zu folgenden Zwecken:<\/p><p>Mitgliederverwaltung und \u2013pflege, Vertragsverwaltung, Kontaktaufnahme und Korrespondenz mit Mitgliedern, Verrechnung und Zahlungsverwaltung von Mitgliedsbeitr\u00e4gen und projektbezogene Beitr\u00e4gen, Vernetzung unter den Mitgliedern, \u00d6ffentlichkeitsarbeit des Vereins, Organisation von Veranstaltungen, Foto-, Video- und Audiodateien zur Erf\u00fcllung der \u00d6ffentlichkeitsarbeit des Vereins.<\/p><p>Wir verarbeiten dazu die auf diesem Antrag angef\u00fchrten personenbezogene Daten zuz\u00fcglich von: Bank- und Zahlungsdaten, Daten zur Beziehung von Mitgliedern untereinander, Ein- und Austrittsdatum, Teilnahmedaten an Projekten, Korrespondenzdaten, Foto-, Video- und Audiodateien. Eine Weiterverwendung dieser Daten findet projektbezogen bei der freiwilligen Teilnahme an Projekten von S.O.N.N. \u2013 Save Our Nature Now statt. Sehen Sie dazu die Aufkl\u00e4rung bei den Projekten. Wir speichern diese Daten f\u00fcr 7 Jahre nach Beendigung der Mitgliedschaft.<\/p><p><b>Mitgliederbereich<\/b><\/p><p>Zweck des Mitgliederbereichs ist die Erreichung des statutarisch festgelegten Ziels der Vernetzung der Mitglieder untereinander, sowie die erleichterte, sichere Bereitstellung von Informationen der Vereine, seiner Verb\u00e4nde und Dachverb\u00e4nde. Deshalb bieten wir unseren Mitgliedern auf der Vereinswebseiten einen vereinsinternen, passwortgesch\u00fctzten Mitgliederbereich an.<\/p><p>Dazu werden folgende personenbezogene Daten verarbeitet und sind nur f\u00fcr sie ersichtlich: Login Daten (Passwort), Zahlungsdaten, Projektteilnehmer-Informationen und \u2013Dokumente.<\/p><p>Sie k\u00f6nnen selbst ver\u00f6ffentlichte Inhalte jederzeit selbst l\u00f6schen, ver\u00f6ffentlichen und Bearbeiten. Wir l\u00f6schen s\u00e4mtliche Daten sp\u00e4testens nach 7 Jahren nach Beendigung der Mitgliedschaft und selbst ver\u00f6ffentlichte Inhalte sp\u00e4testens 1 Jahr nach Austritt.<\/p><p>Einwilligungserkl\u00e4rung Vereins-Einladungen (\u201eNewsletter\u201c genannt):<br \/>Ich m\u00f6chte Nachrichten\/Einladungen von S.O.N.N. \u2013 Save Our Nature Now mit Informationen \u00fcber deren Aktivit\u00e4ten und Projekte per E-Mail erhalten, dies beinhaltet ebenfalls eine Erfolgsmessung des Vereins-\u201eNewsletter\u201c. Meine Daten werden keinesfalls an Dritte weitergegeben. Meine Einwilligung kann ich jederzeit per E-Mail an office(at)save-our-nature.info mit Wirkung f\u00fcr die Zukunft widerrufen.<\/p><p><b>Logfiles<\/b><\/p><p>Diese Website erhebt und speichert automatisch personenbezogene und nicht-personenbezogenene Daten (Browsertyp\/ -version, verwendetes Betriebssystem, Referrer URL (die zuvor besuchte Seite), Hostname des zugreifenden Rechners (IP-Adresse), Zeitpunkt der Serveranfrage) in Server-Logfiles, die Ihr Browser an uns \u00fcbermittelt. Die Speicherung dient dazu, die Funktionsf\u00e4higkeit, Stabilit\u00e4t und die Sicherheit unserer Website sowie des Webservers sicherzustellen.<\/p><p><strong>Cookies<\/strong><\/p><p>An verschiedenen Stellen unserer Internetseite werden Cookies verwendet. Cookies sind kleine Textdateien, die einen Benutzer bei erneuter Nutzung der Seite wiedererkennen. Hierbei werden jedoch keine pers\u00f6nlichen Angaben, wie z.b. Name oder Adresse, gespeichert. Sie k\u00f6nnen durch die betreffenden Informationen nicht identifiziert werden. Wir verwenden Cookies, um die Nutzung der Website zu verbessern und um zu analysieren, wie diese Angebote verwendet werden.<\/p><p>Sie k\u00f6nnen Ihren Browser so einstellen, dass Ihre Einwilligung vor der Verwendung eines Cookies eingeholt werden muss oder die Verwendung von Cookies generell blockiert wird, Sie \u00fcber das Setzen von Cookies informiert werden und Cookies nur im Einzelfall erlauben, die Annahme von Cookies f\u00fcr bestimmte F\u00e4lle oder generell ausschlie\u00dfen sowie das automatische L\u00f6schen der Cookies beim Schlie\u00dfen des Browser aktivieren. Bei der Deaktivierung von Cookies kann die Funktionalit\u00e4t dieser Website eingeschr\u00e4nkt sein.<\/p><div class=\"BorlabsCookie\"><h3 class=\"_brlbs _brlbs-cg-essential\">Essenziell<\/h3><p class=\"_brlbs _brlbs-cg-essential\">Essenzielle Cookies erm\u00f6glichen grundlegende Funktionen und sind f\u00fcr die einwandfreie Funktion der Website erforderlich.<\/p><h4 class=\"_brlbs _brlbs-c-php\">PHP<\/h4><div class=\"_brlbs-responsive-table\"><table class=\"_brlbs _brlbs-c-php\"><tbody><tr><th>Name<\/th><td>PHP<\/td><\/tr><tr><th>Anbieter<\/th><td>Eigent\u00fcmer dieser Website<\/td><\/tr><tr><th>Zweck<\/th><td>Cookie wird gesetzt, um Besucher eindeutig zu identifizieren (z.B. Login-Status, etc.).<\/td><\/tr><tr><th>Cookie Name<\/th><td>PHPSESSID<\/td><\/tr><tr><th>Cookie Laufzeit<\/th><td>Sitzung<\/td><\/tr><\/tbody><\/table><\/div><h4 class=\"_brlbs _brlbs-c-wordpress\">WordPress<\/h4><div class=\"_brlbs-responsive-table\"><table class=\"_brlbs _brlbs-c-wordpress\"><tbody><tr><th>Name<\/th><td>WordPress<\/td><\/tr><tr><th>Anbieter<\/th><td>Automattic Inc.<\/td><\/tr><tr><th>Zweck<\/th><td>Diese Cookies werden von WordPress gesetzt, um die Sitzung zu speichern, um zu testen ob Cookies gesetzt werden k\u00f6nnen und um Ihre Authentifizierungsdaten zu speichern.<\/td><\/tr><tr><th>Datenschutzerkl\u00e4rung<\/th><td><a href=\"https:\/\/wordpress.org\/about\/privacy\/cookies\/\" target=\"_blank\" rel=\"nofollow noopener noreferrer\">https:\/\/wordpress.org\/about\/privacy\/cookies\/<\/a><\/td><\/tr><tr><th>Cookie Name<\/th><td>wordpress_logged_in_[hash], wordpress_sec_[hash], wordpress_test_cookie<\/td><\/tr><tr><th>Cookie Laufzeit<\/th><td>Sitzung<\/td><\/tr><\/tbody><\/table><\/div><\/div><p>\u00ad<\/p><p><strong>Formulare<\/strong><\/p><p>Wenn Sie per Formular auf der Website oder per E-Mail Kontakt mit uns aufnehmen, werden Ihre angegebenen Daten z.B. Name, Vorname, Anschrift, Nachricht, E-Mail-Adresse, IP-Adresse, Zeitpunkt der Anfrage zwecks Bearbeitung Ihres Anliegens und f\u00fcr den Fall von Anschlussfragen bis auf weiteres bei uns gespeichert.<\/p><p>Die Erhebung von IP-Adresse und Zeitpunkt der Anfrage ist erforderlich, um potentiellen Missbrauch einer E-Mail-Adresse sp\u00e4ter nachvollziehen zu k\u00f6nnen und dient deshalb der rechtlichen Absicherung des f\u00fcr die Verarbeitung Verantwortlichen.<\/p><p><strong>Newsletter<\/strong><\/p><p>Sie haben die M\u00f6glichkeit, \u00fcber unsere Website unseren Newsletter zu abonnieren. Hierf\u00fcr ben\u00f6tigen wir Ihre E-Mail-Adresse und Ihre Erkl\u00e4rung, dass Sie mit dem Bezug des Newsletters einverstanden sind.<\/p><p>Unser Newsletter erscheint in unregelm\u00e4\u00dfigen Abst\u00e4nden und enth\u00e4lt Informationen \u00fcber unser Unternehmen sowie Werbung und im Falle eines Kunden Produktinformationen, die ihn betreffen.<\/p><p>Mittels der Anmeldung zu unserem Newsletter stimmen Sie zu, dass Ihre personenbezogenen Daten, n\u00e4mlich Name, E-Mail-Adresse, IP-Adresse, Zeitpunkt der Anmeldung und im Falle eines Kunden Firma, Website und Kundenbetreuer von uns zum Zweck des Versandes von Newslettern an Sie gespeichert sowie verarbeitet werden und Sie mit dem Erhalt unseres Newsletter einverstanden sind. Die Erhebung von IP-Adresse und Zeitpunkt der Anmeldung ist erforderlich, um potentiellen Missbrauch einer E-Mail-Adresse sp\u00e4ter nachvollziehen zu k\u00f6nnen und dient deshalb der rechtlichen Absicherung des f\u00fcr die Verarbeitung Verantwortlichen.<\/p><p>Unser Newsletter enth\u00e4lt einen sogenannte Tracking-Pixel, welcher in die E-Mails eingebettet wird, um eine Analyse \u00fcber das Lesen, \u00d6ffnen und Interagieren zu erm\u00f6glichen. Die personenbezogenen Daten, welche \u00fcber den im Newsletter enthaltenen Z\u00e4hlpixel erhoben werden, helfen uns, den Newsletterversand zu optimieren und den Inhalt zuk\u00fcnftiger Newsletter noch besser anzupassen.<\/p><p>Ihre Zustimmung k\u00f6nnen Sie jederzeit durch die im Impressum angegebene E-Mail-Adresse widerrufen. Ihre Anmelde-Daten werden dann von uns gel\u00f6scht. Sie haben das Recht auf Auskunft seitens des Verantwortlichen \u00fcber die betreffenden personenbezogenen Daten sowie auf Berichtigung oder L\u00f6schung oder auf Einschr\u00e4nkung der Verarbeitung oder eines Widerspruchsrechts gegen die Verarbeitung sowie des Rechts auf Daten\u00fcbertragbarkeit. Ebenso haben Sie das Recht der Beschwerde bei der Datenschutzbeh\u00f6rde (https:\/\/www.dsb.gv.at).<\/p><p><strong>Google Web Fonts<\/strong><\/p><p>Bei Google Web Fonts handelt es sich um Schriftarten f\u00fcr Websites der Google Inc., 1600 Amphitheatre Parkway, Mountain View, CA 94043, USA.<\/p><p>Bei Besuch einer Seite mit Google Web Fonts ladet der Browser die ben\u00f6tigten Web Fonts in Ihren Browser-Cache. Dadurch erh\u00e4lt Google die Information \u00fcber die aufgerufene Seite unserer Website. Sinn der Nutzung von Google Web Fonts ist eine einheitliche und ansprechende Darstellung \u00fcber unsere gesamte Website. Widerspruch zu Verwendung Ihrer Daten m\u00fcssen Sie direkt an Google richten.<\/p><p>Die erzeugten Informationen \u00fcber Ihre Benutzung dieser Website (z.B. IP-Adresse) werden in der Regel an einen Server von Google in den USA \u00fcbertragen und dort gespeichert. N\u00e4here Informationen zu Nutzungsbedingungen und Datenschutz finden Sie unter developers.google.com\/fonts\/faq bzw. unter policies.google.com\/?hl=de.<\/p><p><strong>YouTube<\/strong><\/p><p>Bei YouTube handelt es sich um ein Internet-Videoportal der YouTube, LLC, 901 Cherry Ave., San Bruno, CA 94066, USA. Die YouTube, LLC ist einer Tochtergesellschaft der Google Inc., 1600 Amphitheatre Parkway, Mountain View, CA 94043, USA.<\/p><p>Bei Besuch einer Seite mit YouTube-Video erh\u00e4lt YouTube die Information \u00fcber die aufgerufene Seite unserer Website und zwar unabh\u00e4ngig davon, ob Sie mit einem Google Account eingeloggt sind oder nicht. Eingeloggt kann Google diese Daten Ihrem Account zuordnen. Sofern Sie dies nicht wollen, m\u00fcssen Sie sich vor Nutzung der YouTube Videos bei Google ausloggen. Widerspruch zu Verwendung Ihrer Daten m\u00fcssen Sie direkt an Google richten.<\/p><p>Die erzeugten Informationen \u00fcber Ihre Benutzung dieser Website (z.B. IP-Adresse) werden in der Regel an einen Server von Google in den USA \u00fcbertragen und dort gespeichert. N\u00e4here Informationen zu Nutzungsbedingungen und Datenschutz finden Sie unter policies.google.com\/?hl=de.<\/p><p><strong>Links zu anderen Websites und sozialen Medien<\/strong><\/p><p>Auf dieser Website werden Links zu anderen Websites gesetzt. Dies erfolgt lediglich zu Informationszwecken. Diese Websites stehen nicht unter unserer Kontrolle und fallen daher nicht unter die Bestimmungen dieser Datenschutzerkl\u00e4rung. Sollten Sie einen Link anklicken, ist es m\u00f6glich, dass der Betreiber dieser Website Daten \u00fcber Sie erhebt und diese gem\u00e4\u00df seiner Datenschutzerkl\u00e4rung, die von unserer abweichen kann, verwendet.<\/p><p>Auf dieser Website besteht die M\u00f6glichkeit, \u00fcber Links mit verschiedenen sozialen Netzwerken zu interagieren.<\/p><p>Facebook, betrieben von der Facebook Inc., 1601 S. California Ave, Palo Alto, CA 94304, USA<\/p><p>Twitter, betrieben von der Twitter Inc., 795 Folsom Street, Suite 600, San Francisco, CA 94107, USA<\/p><p>Google+, betrieben von der Google Inc., 1600 Amphitheatre Parkway, Mountain View, CA 94043, USA<\/p><p>LinkedIn, betrieben von der LinkedIn Inc., 2029 Stierlin Court, Mountain View, CA 94043, USA<\/p><p>Pinterest, betrieben von der Pinterest Inc., 808 Brannan Street, San Francisco, CA 94103, USA<\/p><p>YouTube, betrieben von der YouTube LLC, 901 Cherry Avenue, San Bruno, CA 94066 USA<\/p><p>Wenn Sie auf einen Link eines dieser sozialen Netzwerke klicken, wird eine Verbindung zum jeweiligen Server dieses Netzwerks hergestellt. Wir haben keinen Einfluss auf den Umfang und Inhalt der Daten, die durch den Klick auf den Link an den jeweiligen Betreiber des jeweiligen sozialen Netzwerks \u00fcbermittelt werden.<\/p><p>Sollten Sie sich \u00fcber Art, Umfang und Zweck der von den Betreibern dieser sozialen Netzwerke erhobenen Daten informieren wollen, lesen Sie bitte die Datenschutzbestimmungen des jeweiligen sozialen Netzwerks.<\/p><p>Wenn Sie nicht w\u00fcnschen, dass die Social Media Netzwerke Ihren Besuch unserer Website Ihrem Social Media Nutzerkonten zuordnen k\u00f6nnen, loggen Sie sich bitte aus den entsprechenden Benutzerkonten der Social Media Netzwerke aus.<\/p><p><strong>Allgemein \u00fcber personenbezogene Daten<\/strong><\/p><p>Personenbezogene Daten werden nur im notwendigen Umfang erhoben, sodass die Funktionsf\u00e4higkeit\u00a0 der Website und die Erbringung unserer Leistungen gew\u00e4hrleistet ist. Ihre Daten werden nur zweckgebunden verarbeitet (z.B. Registrierung, Newsletter, Anfrage, Kauf) oder wenn dies gesetzlich zul\u00e4ssig ist.<\/p><p>Ihre Daten werden \u2013 sofern nicht an anderer Stelle dieser Datenschutzerkl\u00e4rung aufgef\u00fchrt oder f\u00fcr bestimmte Datens\u00e4tze etwas anderes bestimmt wird \u2013 solange aufbewahrt, als dies f\u00fcr die Vertragserf\u00fcllung bzw. aufgrund rechtlicher Bestimmungen notwendig ist.<\/p><p>Diese Daten werden von uns grunds\u00e4tzlich nicht an Dritte weitergegeben oder f\u00fcr andere Zwecke verwendet. Die von Ihnen ermittelten Daten werden dann an Dritte weitergegeben, wenn dies notwendig ist, um einen gerichtlichen oder beh\u00f6rdlichen Auftrag zu erf\u00fcllen oder wenn dies von Ihnen selbst gew\u00fcnscht wird.<\/p><p>Liegt kein Speicherungszweck und keine Speicherfrist mehr vor, werden die personenbezogenen Daten routinem\u00e4\u00dfig und entsprechend den gesetzlichen Bestimmungen gel\u00f6scht oder gesperrt.<\/p><p><strong>Sicherheit<\/strong><\/p><p>Ihre Daten sind auf gesch\u00fctzten Servern bis auf weiteres gespeichert. Der Zugriff darauf ist nur sehr wenigen Personen m\u00f6glich, die mit der technischen Betreuung der Server befasst sind. Diese treffen Vorkehrungen, um die Sicherheit ihrer personenbezogenen Daten zu gew\u00e4hrleisten. Ihre Daten werden gewissenhaft vor Verlust, Zerst\u00f6rung, Verf\u00e4lschung, Manipulation, unberechtigtem Zugriff oder unberechtigter Offenlegung gesch\u00fctzt.<\/p><p>Wir weisen darauf hin, dass die Daten\u00fcbertragung im Internet (z.B. bei Kommunikation per E-Mail) Sicherheitsl\u00fccken aufweisen kann. Ein l\u00fcckenloser Schutz der Daten vor dem Zugriff durch Dritte ist nicht m\u00f6glich.<\/p><p><strong>Betroffenenrechte<\/strong><\/p><p>Sie haben das Recht auf Auskunft seitens des Verantwortlichen \u00fcber die betreffenden personenbezogenen Daten sowie auf Berichtigung oder L\u00f6schung oder auf Einschr\u00e4nkung der Verarbeitung oder eines Widerspruchsrechts gegen die Verarbeitung sowie des Rechts auf Daten\u00fcbertragbarkeit. Ebenso haben Sie das Recht der Beschwerde bei der Datenschutzbeh\u00f6rde (https:\/\/www.dsb.gv.at).<\/p><p>Stand: Dezember 2023<\/p><\/div>\t\t\t\t\t\t\t\t<\/div>\n\t\t\t\t<\/div>\n\t\t\t\t\t<\/div>\n\t\t\t\t<\/div>\n\t\t\t\t<\/div>\n\t\t","protected":false},"excerpt":{"rendered":"<p>Datenschutzerkl\u00e4rung Der Schutz Ihrer pers\u00f6nlichen Daten ist uns ein besonderes Anliegen. Wir verarbeiten Ihre Daten daher ausschlie\u00dflich auf Grundlage der gesetzlichen Bestimmungen. In dieser Datenschutzerkl\u00e4rung informieren wir Sie \u00fcber die wichtigsten Aspekte der Datenverarbeitung im Rahmen unserer Website. Privatsph\u00e4re Einstellungen Privatsph\u00e4re-Einstellungen \u00e4ndernHistorie der Privatsph\u00e4re-EinstellungenEinwilligungen widerrufen Verantwortlicher Der Verantwortliche f\u00fcr die Datenverarbeitung ist: S.O.N.N. \u2013 Save&hellip;&nbsp;<\/p>","protected":false},"author":1,"featured_media":0,"parent":0,"menu_order":0,"comment_status":"closed","ping_status":"closed","template":"page-templates\/template-pagebuilder-full-width.php","meta":{"neve_meta_sidebar":"","neve_meta_container":"","neve_meta_enable_content_width":"","neve_meta_content_width":0,"neve_meta_title_alignment":"","neve_meta_author_avatar":"","neve_post_elements_order":"","neve_meta_disable_header":"","neve_meta_disable_footer":"","neve_meta_disable_title":"","footnotes":""},"class_list":["post-496","page","type-page","status-publish","hentry"],"yoast_head":"<!-- This site is optimized with the Yoast SEO plugin v27.5 - https:\/\/yoast.com\/product\/yoast-seo-wordpress\/ -->\n<title>Datenschutz - S.O.N.N.<\/title>\n<meta name=\"robots\" content=\"index, follow, max-snippet:-1, max-image-preview:large, max-video-preview:-1\" \/>\n<link rel=\"canonical\" href=\"https:\/\/save-our-nature-now.org\/en\/datenschutz\/\" \/>\n<meta property=\"og:locale\" content=\"en_US\" \/>\n<meta property=\"og:type\" content=\"article\" \/>\n<meta property=\"og:title\" content=\"Datenschutz - S.O.N.N.\" \/>\n<meta property=\"og:description\" content=\"Datenschutzerkl\u00e4rung Der Schutz Ihrer pers\u00f6nlichen Daten ist uns ein besonderes Anliegen. Wir verarbeiten Ihre Daten daher ausschlie\u00dflich auf Grundlage der gesetzlichen Bestimmungen. In dieser Datenschutzerkl\u00e4rung informieren wir Sie \u00fcber die wichtigsten Aspekte der Datenverarbeitung im Rahmen unserer Website. Privatsph\u00e4re Einstellungen Privatsph\u00e4re-Einstellungen \u00e4ndernHistorie der Privatsph\u00e4re-EinstellungenEinwilligungen widerrufen Verantwortlicher Der Verantwortliche f\u00fcr die Datenverarbeitung ist: S.O.N.N. \u2013 Save&hellip;&nbsp;\" \/>\n<meta property=\"og:url\" content=\"https:\/\/save-our-nature-now.org\/en\/datenschutz\/\" \/>\n<meta property=\"og:site_name\" content=\"S.O.N.N.\" \/>\n<meta property=\"article:modified_time\" content=\"2023-12-27T10:13:51+00:00\" \/>\n<meta name=\"twitter:card\" content=\"summary_large_image\" \/>\n<meta name=\"twitter:label1\" content=\"Est. reading time\" \/>\n\t<meta name=\"twitter:data1\" content=\"10 minutes\" \/>\n<script type=\"application\/ld+json\" class=\"yoast-schema-graph\">{\"@context\":\"https:\\\/\\\/schema.org\",\"@graph\":[{\"@type\":\"WebPage\",\"@id\":\"https:\\\/\\\/save-our-nature-now.org\\\/datenschutz\\\/\",\"url\":\"https:\\\/\\\/save-our-nature-now.org\\\/datenschutz\\\/\",\"name\":\"Datenschutz - S.O.N.N.\",\"isPartOf\":{\"@id\":\"https:\\\/\\\/save-our-nature-now.org\\\/#website\"},\"datePublished\":\"2023-12-27T10:09:49+00:00\",\"dateModified\":\"2023-12-27T10:13:51+00:00\",\"breadcrumb\":{\"@id\":\"https:\\\/\\\/save-our-nature-now.org\\\/datenschutz\\\/#breadcrumb\"},\"inLanguage\":\"en-US\",\"potentialAction\":[{\"@type\":\"ReadAction\",\"target\":[\"https:\\\/\\\/save-our-nature-now.org\\\/datenschutz\\\/\"]}]},{\"@type\":\"BreadcrumbList\",\"@id\":\"https:\\\/\\\/save-our-nature-now.org\\\/datenschutz\\\/#breadcrumb\",\"itemListElement\":[{\"@type\":\"ListItem\",\"position\":1,\"name\":\"Startseite\",\"item\":\"https:\\\/\\\/save-our-nature-now.org\\\/\"},{\"@type\":\"ListItem\",\"position\":2,\"name\":\"Datenschutz\"}]},{\"@type\":\"WebSite\",\"@id\":\"https:\\\/\\\/save-our-nature-now.org\\\/#website\",\"url\":\"https:\\\/\\\/save-our-nature-now.org\\\/\",\"name\":\"S.O.N.N.\",\"description\":\"Save our Nature now.\",\"potentialAction\":[{\"@type\":\"SearchAction\",\"target\":{\"@type\":\"EntryPoint\",\"urlTemplate\":\"https:\\\/\\\/save-our-nature-now.org\\\/?s={search_term_string}\"},\"query-input\":{\"@type\":\"PropertyValueSpecification\",\"valueRequired\":true,\"valueName\":\"search_term_string\"}}],\"inLanguage\":\"en-US\"}]}<\/script>\n<!-- \/ Yoast SEO plugin. -->","yoast_head_json":{"title":"Datenschutz - S.O.N.N.","robots":{"index":"index","follow":"follow","max-snippet":"max-snippet:-1","max-image-preview":"max-image-preview:large","max-video-preview":"max-video-preview:-1"},"canonical":"https:\/\/save-our-nature-now.org\/en\/datenschutz\/","og_locale":"en_US","og_type":"article","og_title":"Datenschutz - S.O.N.N.","og_description":"Datenschutzerkl\u00e4rung Der Schutz Ihrer pers\u00f6nlichen Daten ist uns ein besonderes Anliegen. Wir verarbeiten Ihre Daten daher ausschlie\u00dflich auf Grundlage der gesetzlichen Bestimmungen. In dieser Datenschutzerkl\u00e4rung informieren wir Sie \u00fcber die wichtigsten Aspekte der Datenverarbeitung im Rahmen unserer Website. Privatsph\u00e4re Einstellungen Privatsph\u00e4re-Einstellungen \u00e4ndernHistorie der Privatsph\u00e4re-EinstellungenEinwilligungen widerrufen Verantwortlicher Der Verantwortliche f\u00fcr die Datenverarbeitung ist: S.O.N.N. \u2013 Save&hellip;&nbsp;","og_url":"https:\/\/save-our-nature-now.org\/en\/datenschutz\/","og_site_name":"S.O.N.N.","article_modified_time":"2023-12-27T10:13:51+00:00","twitter_card":"summary_large_image","twitter_misc":{"Est. reading time":"10 minutes"},"schema":{"@context":"https:\/\/schema.org","@graph":[{"@type":"WebPage","@id":"https:\/\/save-our-nature-now.org\/datenschutz\/","url":"https:\/\/save-our-nature-now.org\/datenschutz\/","name":"Datenschutz - S.O.N.N.","isPartOf":{"@id":"https:\/\/save-our-nature-now.org\/#website"},"datePublished":"2023-12-27T10:09:49+00:00","dateModified":"2023-12-27T10:13:51+00:00","breadcrumb":{"@id":"https:\/\/save-our-nature-now.org\/datenschutz\/#breadcrumb"},"inLanguage":"en-US","potentialAction":[{"@type":"ReadAction","target":["https:\/\/save-our-nature-now.org\/datenschutz\/"]}]},{"@type":"BreadcrumbList","@id":"https:\/\/save-our-nature-now.org\/datenschutz\/#breadcrumb","itemListElement":[{"@type":"ListItem","position":1,"name":"Startseite","item":"https:\/\/save-our-nature-now.org\/"},{"@type":"ListItem","position":2,"name":"Datenschutz"}]},{"@type":"WebSite","@id":"https:\/\/save-our-nature-now.org\/#website","url":"https:\/\/save-our-nature-now.org\/","name":"S.O.N.N.","description":"Save our Nature now.","potentialAction":[{"@type":"SearchAction","target":{"@type":"EntryPoint","urlTemplate":"https:\/\/save-our-nature-now.org\/?s={search_term_string}"},"query-input":{"@type":"PropertyValueSpecification","valueRequired":true,"valueName":"search_term_string"}}],"inLanguage":"en-US"}]}},"_links":{"self":[{"href":"https:\/\/save-our-nature-now.org\/en\/wp-json\/wp\/v2\/pages\/496","targetHints":{"allow":["GET"]}}],"collection":[{"href":"https:\/\/save-our-nature-now.org\/en\/wp-json\/wp\/v2\/pages"}],"about":[{"href":"https:\/\/save-our-nature-now.org\/en\/wp-json\/wp\/v2\/types\/page"}],"author":[{"embeddable":true,"href":"https:\/\/save-our-nature-now.org\/en\/wp-json\/wp\/v2\/users\/1"}],"replies":[{"embeddable":true,"href":"https:\/\/save-our-nature-now.org\/en\/wp-json\/wp\/v2\/comments?post=496"}],"version-history":[{"count":4,"href":"https:\/\/save-our-nature-now.org\/en\/wp-json\/wp\/v2\/pages\/496\/revisions"}],"predecessor-version":[{"id":504,"href":"https:\/\/save-our-nature-now.org\/en\/wp-json\/wp\/v2\/pages\/496\/revisions\/504"}],"wp:attachment":[{"href":"https:\/\/save-our-nature-now.org\/en\/wp-json\/wp\/v2\/media?parent=496"}],"curies":[{"name":"wp","href":"https:\/\/api.w.org\/{rel}","templated":true}]}}