{"id":192,"date":"2023-12-20T12:36:55","date_gmt":"2023-12-20T12:36:55","guid":{"rendered":"https:\/\/save-our-nature-now.org\/?page_id=192"},"modified":"2023-12-27T10:10:47","modified_gmt":"2023-12-27T10:10:47","slug":"impressum","status":"publish","type":"page","link":"https:\/\/save-our-nature-now.org\/en\/impressum\/","title":{"rendered":"Imprint"},"content":{"rendered":"<div data-elementor-type=\"wp-page\" data-elementor-id=\"192\" class=\"elementor elementor-192\">\n\t\t\t\t<div class=\"elementor-element elementor-element-e2ebe3c e-flex e-con-boxed e-con e-parent\" data-id=\"e2ebe3c\" data-element_type=\"container\" data-e-type=\"container\">\n\t\t\t\t\t<div class=\"e-con-inner\">\n\t\t\t\t<div class=\"elementor-element elementor-element-36f8725 elementor-widget elementor-widget-spacer\" data-id=\"36f8725\" data-element_type=\"widget\" data-e-type=\"widget\" data-widget_type=\"spacer.default\">\n\t\t\t\t<div class=\"elementor-widget-container\">\n\t\t\t\t\t\t\t<div class=\"elementor-spacer\">\n\t\t\t<div class=\"elementor-spacer-inner\"><\/div>\n\t\t<\/div>\n\t\t\t\t\t\t<\/div>\n\t\t\t\t<\/div>\n\t\t\t\t<div class=\"elementor-element elementor-element-6d7f74b elementor-widget elementor-widget-heading\" data-id=\"6d7f74b\" data-element_type=\"widget\" data-e-type=\"widget\" data-widget_type=\"heading.default\">\n\t\t\t\t<div class=\"elementor-widget-container\">\n\t\t\t\t\t<h2 class=\"elementor-heading-title elementor-size-default\">Imprint<\/h2>\t\t\t\t<\/div>\n\t\t\t\t<\/div>\n\t\t\t\t<div class=\"elementor-element elementor-element-bccfa93 elementor-widget elementor-widget-text-editor\" data-id=\"bccfa93\" data-element_type=\"widget\" data-e-type=\"widget\" data-widget_type=\"text-editor.default\">\n\t\t\t\t<div class=\"elementor-widget-container\">\n\t\t\t\t\t\t\t\t\t<p><strong>S.O.N.N.<\/strong>\u00a0\u2013\u00a0<strong>S<\/strong>ave\u00a0<strong>O<\/strong>ur\u00a0<strong>N<\/strong>ature\u00a0<strong>N<\/strong>ow.<br \/>Numero de Inscricao: 51.870.612\/0001-76<\/p><p><strong>Administrator<\/strong><br \/>Andree Korthals Junior<\/p><p><strong>Kontakt<\/strong><\/p><p>Rua Monte Castello 41<br \/>Edif Aluma APT 301<br \/>P. do Morro, Guarapari\/ES<br \/>CEP: 29.216-190<\/p><p>Tel.: +55 31 9332-9108<br \/>Mail: andreekorthals(at)gmail.com<\/p><p><strong>Haftungsausschluss<\/strong><\/p><p>Trotz sorgf\u00e4ltiger inhaltlicher Kontrolle \u00fcbernimmt S.O.N.N. keine Haftung f\u00fcr die Inhalte externer Links.<br \/>S.O.N.N. \u00fcbernimmt ferner keine Verantwortung f\u00fcr Inhalte auf Websites von deren Partnern und teilnehmenden Betrieben, auf die mittels Links verwiesen wird. F\u00fcr den Inhalt der verlinkten Seiten sind ausschlie\u00dflich deren Betreiber verantwortlich.<\/p><p><strong>Urheberrechte, Nutzungsbedingungen<\/strong><\/p><p>Der Inhalt dieser Website ist urheberrechtlich gesch\u00fctzt. S\u00e4mtliche Inhalte, Texte, Grafiken und Fotos sind Eigentum von S.O.N.N., alle Rechte vorbehalten. Bestimmte Inhalte k\u00f6nnen weiters auch den Urheberrechts- und Nutzungsbedingungen von Partnern unterliegen. Die Bereitstellung von Inhalten und Bildmaterial dieser Website auf anderen Websites ist nur mit ausdr\u00fccklicher Genehmigung von S.O.N.N. gestattet. Die auf dieser Website enthaltenen Angaben werden nach bestem Wissen erstellt und mit gro\u00dfer Sorgfalt auf ihre Richtigkeit \u00fcberpr\u00fcft. Trotzdem sind inhaltliche und sachliche Fehler nicht vollst\u00e4ndig auszuschlie\u00dfen. S.O.N.N. \u00fcbernimmt keinerlei Garantie und Haftung f\u00fcr die Richtigkeit, Aktualit\u00e4t und Vollst\u00e4ndigkeit der bereitgestellten Informationen. Alle Angaben sind ohne Gew\u00e4hr. Dies gilt auch f\u00fcr alle Links zu anderen URLs, die auf dieser Website genannt werden.<\/p><p><strong>Widerspruch Werbe-Mails<\/strong><\/p><p>Der Nutzung von im Rahmen der Impressumspflicht ver\u00f6ffentlichten Kontaktdaten zur \u00dcbersendung von nicht ausdr\u00fccklich angeforderter Werbung und Informationsmaterialien wird hiermit widersprochen. Die Betreiber der Website behalten sich ausdr\u00fccklich rechtliche Schritte im Falle der unverlangten Zusendung von Werbeinformationen, etwa durch Spam-E-Mails, vor.<\/p>\t\t\t\t\t\t\t\t<\/div>\n\t\t\t\t<\/div>\n\t\t\t\t\t<\/div>\n\t\t\t\t<\/div>\n\t\t\t\t<\/div>","protected":false},"excerpt":{"rendered":"<p>Impressum S.O.N.N.\u00a0\u2013\u00a0Save\u00a0Our\u00a0Nature\u00a0Now.Numero de Inscricao: 51.870.612\/0001-76 AdministratorAndree Korthals Junior Kontakt Rua Monte Castello 41Edif Aluma APT 301P. do Morro, Guarapari\/ESCEP: 29.216-190 Tel.: +55 31 9332-9108Mail: andreekorthals(at)gmail.com Haftungsausschluss Trotz sorgf\u00e4ltiger inhaltlicher Kontrolle \u00fcbernimmt S.O.N.N. keine Haftung f\u00fcr die Inhalte externer Links.S.O.N.N. \u00fcbernimmt ferner keine Verantwortung f\u00fcr Inhalte auf Websites von deren Partnern und teilnehmenden Betrieben, auf die&hellip;&nbsp;<\/p>","protected":false},"author":1,"featured_media":0,"parent":0,"menu_order":0,"comment_status":"closed","ping_status":"closed","template":"page-templates\/template-pagebuilder-full-width.php","meta":{"neve_meta_sidebar":"","neve_meta_container":"","neve_meta_enable_content_width":"","neve_meta_content_width":0,"neve_meta_title_alignment":"","neve_meta_author_avatar":"","neve_post_elements_order":"","neve_meta_disable_header":"","neve_meta_disable_footer":"","neve_meta_disable_title":"","footnotes":""},"class_list":["post-192","page","type-page","status-publish","hentry"],"yoast_head":"<!-- This site is optimized with the Yoast SEO plugin v27.5 - https:\/\/yoast.com\/product\/yoast-seo-wordpress\/ -->\n<title>Impressum - S.O.N.N.<\/title>\n<meta name=\"robots\" content=\"index, follow, max-snippet:-1, max-image-preview:large, max-video-preview:-1\" \/>\n<link rel=\"canonical\" href=\"https:\/\/save-our-nature-now.org\/en\/impressum\/\" \/>\n<meta property=\"og:locale\" content=\"en_US\" \/>\n<meta property=\"og:type\" content=\"article\" \/>\n<meta property=\"og:title\" content=\"Impressum - S.O.N.N.\" \/>\n<meta property=\"og:description\" content=\"Impressum S.O.N.N.\u00a0\u2013\u00a0Save\u00a0Our\u00a0Nature\u00a0Now.Numero de Inscricao: 51.870.612\/0001-76 AdministratorAndree Korthals Junior Kontakt Rua Monte Castello 41Edif Aluma APT 301P. do Morro, Guarapari\/ESCEP: 29.216-190 Tel.: +55 31 9332-9108Mail: andreekorthals(at)gmail.com Haftungsausschluss Trotz sorgf\u00e4ltiger inhaltlicher Kontrolle \u00fcbernimmt S.O.N.N. keine Haftung f\u00fcr die Inhalte externer Links.S.O.N.N. \u00fcbernimmt ferner keine Verantwortung f\u00fcr Inhalte auf Websites von deren Partnern und teilnehmenden Betrieben, auf die&hellip;&nbsp;\" \/>\n<meta property=\"og:url\" content=\"https:\/\/save-our-nature-now.org\/en\/impressum\/\" \/>\n<meta property=\"og:site_name\" content=\"S.O.N.N.\" \/>\n<meta property=\"article:modified_time\" content=\"2023-12-27T10:10:47+00:00\" \/>\n<meta name=\"twitter:card\" content=\"summary_large_image\" \/>\n<meta name=\"twitter:label1\" content=\"Est. reading time\" \/>\n\t<meta name=\"twitter:data1\" content=\"1 minute\" \/>\n<script type=\"application\/ld+json\" class=\"yoast-schema-graph\">{\"@context\":\"https:\\\/\\\/schema.org\",\"@graph\":[{\"@type\":\"WebPage\",\"@id\":\"https:\\\/\\\/save-our-nature-now.org\\\/impressum\\\/\",\"url\":\"https:\\\/\\\/save-our-nature-now.org\\\/impressum\\\/\",\"name\":\"Impressum - S.O.N.N.\",\"isPartOf\":{\"@id\":\"https:\\\/\\\/save-our-nature-now.org\\\/#website\"},\"datePublished\":\"2023-12-20T12:36:55+00:00\",\"dateModified\":\"2023-12-27T10:10:47+00:00\",\"breadcrumb\":{\"@id\":\"https:\\\/\\\/save-our-nature-now.org\\\/impressum\\\/#breadcrumb\"},\"inLanguage\":\"en-US\",\"potentialAction\":[{\"@type\":\"ReadAction\",\"target\":[\"https:\\\/\\\/save-our-nature-now.org\\\/impressum\\\/\"]}]},{\"@type\":\"BreadcrumbList\",\"@id\":\"https:\\\/\\\/save-our-nature-now.org\\\/impressum\\\/#breadcrumb\",\"itemListElement\":[{\"@type\":\"ListItem\",\"position\":1,\"name\":\"Startseite\",\"item\":\"https:\\\/\\\/save-our-nature-now.org\\\/\"},{\"@type\":\"ListItem\",\"position\":2,\"name\":\"Impressum\"}]},{\"@type\":\"WebSite\",\"@id\":\"https:\\\/\\\/save-our-nature-now.org\\\/#website\",\"url\":\"https:\\\/\\\/save-our-nature-now.org\\\/\",\"name\":\"S.O.N.N.\",\"description\":\"Save our Nature now.\",\"potentialAction\":[{\"@type\":\"SearchAction\",\"target\":{\"@type\":\"EntryPoint\",\"urlTemplate\":\"https:\\\/\\\/save-our-nature-now.org\\\/?s={search_term_string}\"},\"query-input\":{\"@type\":\"PropertyValueSpecification\",\"valueRequired\":true,\"valueName\":\"search_term_string\"}}],\"inLanguage\":\"en-US\"}]}<\/script>\n<!-- \/ Yoast SEO plugin. -->","yoast_head_json":{"title":"Impressum - S.O.N.N.","robots":{"index":"index","follow":"follow","max-snippet":"max-snippet:-1","max-image-preview":"max-image-preview:large","max-video-preview":"max-video-preview:-1"},"canonical":"https:\/\/save-our-nature-now.org\/en\/impressum\/","og_locale":"en_US","og_type":"article","og_title":"Impressum - S.O.N.N.","og_description":"Impressum S.O.N.N.\u00a0\u2013\u00a0Save\u00a0Our\u00a0Nature\u00a0Now.Numero de Inscricao: 51.870.612\/0001-76 AdministratorAndree Korthals Junior Kontakt Rua Monte Castello 41Edif Aluma APT 301P. do Morro, Guarapari\/ESCEP: 29.216-190 Tel.: +55 31 9332-9108Mail: andreekorthals(at)gmail.com Haftungsausschluss Trotz sorgf\u00e4ltiger inhaltlicher Kontrolle \u00fcbernimmt S.O.N.N. keine Haftung f\u00fcr die Inhalte externer Links.S.O.N.N. \u00fcbernimmt ferner keine Verantwortung f\u00fcr Inhalte auf Websites von deren Partnern und teilnehmenden Betrieben, auf die&hellip;&nbsp;","og_url":"https:\/\/save-our-nature-now.org\/en\/impressum\/","og_site_name":"S.O.N.N.","article_modified_time":"2023-12-27T10:10:47+00:00","twitter_card":"summary_large_image","twitter_misc":{"Est. reading time":"1 minute"},"schema":{"@context":"https:\/\/schema.org","@graph":[{"@type":"WebPage","@id":"https:\/\/save-our-nature-now.org\/impressum\/","url":"https:\/\/save-our-nature-now.org\/impressum\/","name":"Impressum - S.O.N.N.","isPartOf":{"@id":"https:\/\/save-our-nature-now.org\/#website"},"datePublished":"2023-12-20T12:36:55+00:00","dateModified":"2023-12-27T10:10:47+00:00","breadcrumb":{"@id":"https:\/\/save-our-nature-now.org\/impressum\/#breadcrumb"},"inLanguage":"en-US","potentialAction":[{"@type":"ReadAction","target":["https:\/\/save-our-nature-now.org\/impressum\/"]}]},{"@type":"BreadcrumbList","@id":"https:\/\/save-our-nature-now.org\/impressum\/#breadcrumb","itemListElement":[{"@type":"ListItem","position":1,"name":"Startseite","item":"https:\/\/save-our-nature-now.org\/"},{"@type":"ListItem","position":2,"name":"Impressum"}]},{"@type":"WebSite","@id":"https:\/\/save-our-nature-now.org\/#website","url":"https:\/\/save-our-nature-now.org\/","name":"S.O.N.N.","description":"Save our Nature now.","potentialAction":[{"@type":"SearchAction","target":{"@type":"EntryPoint","urlTemplate":"https:\/\/save-our-nature-now.org\/?s={search_term_string}"},"query-input":{"@type":"PropertyValueSpecification","valueRequired":true,"valueName":"search_term_string"}}],"inLanguage":"en-US"}]}},"_links":{"self":[{"href":"https:\/\/save-our-nature-now.org\/en\/wp-json\/wp\/v2\/pages\/192","targetHints":{"allow":["GET"]}}],"collection":[{"href":"https:\/\/save-our-nature-now.org\/en\/wp-json\/wp\/v2\/pages"}],"about":[{"href":"https:\/\/save-our-nature-now.org\/en\/wp-json\/wp\/v2\/types\/page"}],"author":[{"embeddable":true,"href":"https:\/\/save-our-nature-now.org\/en\/wp-json\/wp\/v2\/users\/1"}],"replies":[{"embeddable":true,"href":"https:\/\/save-our-nature-now.org\/en\/wp-json\/wp\/v2\/comments?post=192"}],"version-history":[{"count":7,"href":"https:\/\/save-our-nature-now.org\/en\/wp-json\/wp\/v2\/pages\/192\/revisions"}],"predecessor-version":[{"id":501,"href":"https:\/\/save-our-nature-now.org\/en\/wp-json\/wp\/v2\/pages\/192\/revisions\/501"}],"wp:attachment":[{"href":"https:\/\/save-our-nature-now.org\/en\/wp-json\/wp\/v2\/media?parent=192"}],"curies":[{"name":"wp","href":"https:\/\/api.w.org\/{rel}","templated":true}]}}